{"id":17049,"date":"2023-06-01T13:32:08","date_gmt":"2023-06-01T11:32:08","guid":{"rendered":"https:\/\/ny.skagenbeds.com\/sleep-well\/"},"modified":"2023-07-14T12:14:33","modified_gmt":"2023-07-14T10:14:33","slug":"sleep-well","status":"publish","type":"page","link":"https:\/\/skagenbeds.com\/de\/sleep-well\/","title":{"rendered":"Schlafen Sie gut"},"content":{"rendered":"<div class=\"wpb-content-wrapper\"><p>[vc_row css_animation=&#8220;&#8220; row_type=&#8220;row&#8220; use_row_as_full_screen_section=&#8220;no&#8220; type=&#8220;full_width&#8220; angled_section=&#8220;no&#8220; text_align=&#8220;left&#8220; background_image_as_pattern=&#8220;without_pattern&#8220;][vc_column][vc_empty_space height=&#8220;100&#8243;][\/vc_column][\/vc_row][vc_row css_animation=&#8220;&#8220; row_type=&#8220;row&#8220; use_row_as_full_screen_section=&#8220;no&#8220; type=&#8220;grid&#8220; angled_section=&#8220;no&#8220; text_align=&#8220;left&#8220; background_image_as_pattern=&#8220;without_pattern&#8220; z_index=&#8220;&#8220;][vc_column width=&#8220;1\/2&#8243; css=&#8220;.vc_custom_1686647218547{padding-bottom: 20px !important;}&#8220;][vc_column_text]<\/p>\n<div style=\"position: relative; overflow: hidden; padding-bottom: 56.25%;\"><iframe loading=\"lazy\" style=\"position: absolute;\" title=\"Skagen Beds 2022 Teaser\" src=\"https:\/\/cdn.jwplayer.com\/players\/2oCgpaJN-resHiXKo.html\" width=\"100%\" height=\"100%\" frameborder=\"0\" scrolling=\"auto\" allowfullscreen=\"allowfullscreen\"><\/iframe><\/div>\n<p>[\/vc_column_text][\/vc_column][vc_column width=&#8220;1\/2&#8243; css=&#8220;.vc_custom_1686647136395{margin-left: 0px !important;}&#8220;][vc_column_text css=&#8220;.vc_custom_1689323331109{padding-bottom: 30px !important;}&#8220;]<\/p>\n<h2>Haben Sie einen erholsamen Schlaf<\/h2>\n<p>[\/vc_column_text][vc_column_text]<strong>Skagen Beds bietet Qualit\u00e4tsbetten mit vielen Optionen, um Ihren Bed\u00fcrfnissen zu entsprechen.<\/strong><\/p>\n<p>Wir verbringen einen Drittel unseres Lebens im Bett, darum ist ein gutes Bett f\u00fcr einen guten Schlaf sehr wichtig. Guter Schlaf wird f\u00fcr lebenskr\u00e4ftiges und energievolles Leben ben\u00f6tigt.<\/p>\n<p>Wir sind alle verschieden, daher sollten Sie ein Bett finden, das f\u00fcr Sie und Ihren K\u00f6rper geeignet ist. F\u00fcr eine ungest\u00f6rte Nachtruhe ist es wichtig, dass Ihr R\u00fccken so gerade wie m\u00f6glich unterst\u00fctzt wird. Dadurch regeneriert sich Ihr K\u00f6rper, Ihre Muskeln entspannen sich und Sie wachen ausgeruht und bereit f\u00fcr einen neuen Tag auf.[\/vc_column_text][\/vc_column][\/vc_row][vc_row css_animation=&#8220;&#8220; row_type=&#8220;row&#8220; use_row_as_full_screen_section=&#8220;no&#8220; type=&#8220;full_width&#8220; angled_section=&#8220;no&#8220; text_align=&#8220;left&#8220; background_image_as_pattern=&#8220;without_pattern&#8220;][vc_column][vc_empty_space height=&#8220;100&#8243;][\/vc_column][\/vc_row][vc_row css_animation=&#8220;&#8220; row_type=&#8220;row&#8220; use_row_as_full_screen_section=&#8220;no&#8220; type=&#8220;full_width&#8220; angled_section=&#8220;no&#8220; text_align=&#8220;left&#8220; background_image_as_pattern=&#8220;without_pattern&#8220; z_index=&#8220;&#8220; background_color=&#8220;#dee4ed&#8220;][vc_column][vc_empty_space height=&#8220;60&#8243;][vc_column_text]<\/p>\n<h1 style=\"text-align: center;\">Matratzenratgeber<\/h1>\n<p>[\/vc_column_text][vc_empty_space height=&#8220;15&#8243;][vc_column_text]<\/p>\n<h5 style=\"text-align: center;\">Typischerweise gew\u00e4hlte H\u00e4rtegrade bei Matratzen<\/h5>\n<p>[\/vc_column_text][vc_empty_space height=&#8220;60&#8243;][vc_column_text]<\/p>\n<h2 style=\"text-align: center;\">K\u00f6rpertyp<\/h2>\n<p>[\/vc_column_text][vc_empty_space height=&#8220;70&#8243;][vc_row_inner row_type=&#8220;row&#8220; type=&#8220;grid&#8220; text_align=&#8220;left&#8220; css_animation=&#8220;&#8220;][vc_column_inner width=&#8220;1\/5&#8243;][vc_single_image image=&#8220;16489&#8243; img_size=&#8220;medium&#8220; alignment=&#8220;center&#8220; qode_css_animation=&#8220;element_from_fade&#8220;][vc_empty_space][vc_column_text]<\/p>\n<h3 style=\"text-align: center;\">Typ A<\/h3>\n<p>[\/vc_column_text][vc_column_text]<\/p>\n<p style=\"text-align: center;\">H\u00fcften breiter als Taille<\/p>\n<p>[\/vc_column_text][vc_column_text]<\/p>\n<p style=\"text-align: center;\"><strong>H\u00e4rte H3-H5<\/strong><\/p>\n<p>[\/vc_column_text][\/vc_column_inner][vc_column_inner width=&#8220;1\/5&#8243;][vc_single_image image=&#8220;16483&#8243; img_size=&#8220;medium&#8220; alignment=&#8220;center&#8220; qode_css_animation=&#8220;element_from_fade&#8220;][vc_empty_space][vc_column_text]<\/p>\n<h3 style=\"text-align: center;\">Typ Y<\/h3>\n<p>[\/vc_column_text][vc_column_text]<\/p>\n<p style=\"text-align: center;\">Schultern breiter als Taille<\/p>\n<p>[\/vc_column_text][vc_column_text]<\/p>\n<p style=\"text-align: center;\"><strong>H\u00e4rte H1-H3<\/strong><\/p>\n<p>[\/vc_column_text][\/vc_column_inner][vc_column_inner width=&#8220;1\/5&#8243;][vc_single_image image=&#8220;16503&#8243; img_size=&#8220;medium&#8220; alignment=&#8220;center&#8220; qode_css_animation=&#8220;element_from_fade&#8220;][vc_empty_space][vc_column_text]<\/p>\n<h3 style=\"text-align: center;\">Typ O<\/h3>\n<p>[\/vc_column_text][vc_column_text]<\/p>\n<p style=\"text-align: center;\">Taille breiter als Schultern und H\u00fcften<\/p>\n<p>[\/vc_column_text][vc_column_text]<\/p>\n<p style=\"text-align: center;\"><strong>H\u00e4rte H3-H5<\/strong><\/p>\n<p>[\/vc_column_text][\/vc_column_inner][vc_column_inner width=&#8220;1\/5&#8243;][vc_single_image image=&#8220;16509&#8243; img_size=&#8220;medium&#8220; alignment=&#8220;center&#8220; qode_css_animation=&#8220;element_from_fade&#8220;][vc_empty_space][vc_column_text]<\/p>\n<h3 style=\"text-align: center;\">Typ X<\/h3>\n<p>[\/vc_column_text][vc_column_text]<\/p>\n<p style=\"text-align: center;\">Schultern und H\u00fcften breiter als die Taille<\/p>\n<p>[\/vc_column_text][vc_column_text]<\/p>\n<p style=\"text-align: center;\"><strong>H\u00e4rte H1-H3<\/strong><\/p>\n<p>[\/vc_column_text][\/vc_column_inner][vc_column_inner width=&#8220;1\/5&#8243;][vc_single_image image=&#8220;16514&#8243; img_size=&#8220;medium&#8220; alignment=&#8220;center&#8220; qode_css_animation=&#8220;element_from_fade&#8220;][vc_empty_space][vc_column_text]<\/p>\n<h3 style=\"text-align: center;\">Typ I<\/h3>\n<p>[\/vc_column_text][vc_column_text]<\/p>\n<p style=\"text-align: center;\">Schultern, Taille und H\u00fcfte sind nahezu gleich breit<\/p>\n<p>[\/vc_column_text][vc_column_text]<\/p>\n<p style=\"text-align: center;\"><strong>H\u00e4rte H2-H3<\/strong><\/p>\n<p>[\/vc_column_text][\/vc_column_inner][\/vc_row_inner][vc_empty_space height=&#8220;100&#8243;][\/vc_column][\/vc_row][vc_row css_animation=&#8220;&#8220; row_type=&#8220;row&#8220; use_row_as_full_screen_section=&#8220;no&#8220; type=&#8220;full_width&#8220; angled_section=&#8220;no&#8220; text_align=&#8220;right&#8220; background_image_as_pattern=&#8220;without_pattern&#8220; z_index=&#8220;&#8220; background_image=&#8220;15706&#8243; css=&#8220;.vc_custom_1686136042314{padding-top: 65px !important;padding-bottom: 65px !important;}&#8220;][vc_column][vc_column_text]<\/p>\n<h1 style=\"text-align: center;\">Unter dem \u00dcberzug<\/h1>\n<p>[\/vc_column_text][vc_empty_space height=&#8220;15&#8243;][vc_column_text]<\/p>\n<h3 style=\"text-align: center;\">Lesen Sie mehr \u00fcber alle Aufbauoptionen<\/h3>\n<p>[\/vc_column_text][vc_empty_space height=&#8220;40&#8243;][vc_column_text]<\/p>\n<p style=\"text-align: center;\"><a  itemprop=\"url\" href=\"https:\/\/skagenbeds.com\/de\/under-the-cover\/\" target=\"_self\" data-hover-background-color='#193159'  class=\"qbutton  large center default\" style=\"color: #e8e8e8; font-style: normal; font-weight: 600; background-color: #6aabd1;\">Unter dem \u00dcberzug<\/a><\/p>\n<p>[\/vc_column_text][\/vc_column][\/vc_row]<\/p>\n<\/div>","protected":false},"excerpt":{"rendered":"<p>[vc_row css_animation=&#8220;&#8220; row_type=&#8220;row&#8220; use_row_as_full_screen_section=&#8220;no&#8220; type=&#8220;full_width&#8220; angled_section=&#8220;no&#8220; text_align=&#8220;left&#8220; background_image_as_pattern=&#8220;without_pattern&#8220;][vc_column][vc_empty_space height=&#8220;100&#8243;][\/vc_column][\/vc_row][vc_row css_animation=&#8220;&#8220; row_type=&#8220;row&#8220; use_row_as_full_screen_section=&#8220;no&#8220; type=&#8220;grid&#8220; angled_section=&#8220;no&#8220; text_align=&#8220;left&#8220; background_image_as_pattern=&#8220;without_pattern&#8220; z_index=&#8220;&#8220;][vc_column width=&#8220;1\/2&#8243; css=&#8220;.vc_custom_1686647218547{padding-bottom: 20px !important;}&#8220;][vc_column_text] [\/vc_column_text][\/vc_column][vc_column width=&#8220;1\/2&#8243; css=&#8220;.vc_custom_1686647136395{margin-left: 0px !important;}&#8220;][vc_column_text css=&#8220;.vc_custom_1689323331109{padding-bottom: 30px !important;}&#8220;] Haben Sie einen erholsamen Schlaf [\/vc_column_text][vc_column_text]Skagen Beds bietet Qualit\u00e4tsbetten mit vielen Optionen, um Ihren Bed\u00fcrfnissen zu&#8230;<\/p>\n","protected":false},"author":3,"featured_media":0,"parent":0,"menu_order":0,"comment_status":"closed","ping_status":"closed","template":"full_width.php","meta":{"footnotes":""},"class_list":["post-17049","page","type-page","status-publish","hentry"],"aioseo_notices":[],"_links":{"self":[{"href":"https:\/\/skagenbeds.com\/de\/wp-json\/wp\/v2\/pages\/17049","targetHints":{"allow":["GET"]}}],"collection":[{"href":"https:\/\/skagenbeds.com\/de\/wp-json\/wp\/v2\/pages"}],"about":[{"href":"https:\/\/skagenbeds.com\/de\/wp-json\/wp\/v2\/types\/page"}],"author":[{"embeddable":true,"href":"https:\/\/skagenbeds.com\/de\/wp-json\/wp\/v2\/users\/3"}],"replies":[{"embeddable":true,"href":"https:\/\/skagenbeds.com\/de\/wp-json\/wp\/v2\/comments?post=17049"}],"version-history":[{"count":10,"href":"https:\/\/skagenbeds.com\/de\/wp-json\/wp\/v2\/pages\/17049\/revisions"}],"predecessor-version":[{"id":17103,"href":"https:\/\/skagenbeds.com\/de\/wp-json\/wp\/v2\/pages\/17049\/revisions\/17103"}],"wp:attachment":[{"href":"https:\/\/skagenbeds.com\/de\/wp-json\/wp\/v2\/media?parent=17049"}],"curies":[{"name":"wp","href":"https:\/\/api.w.org\/{rel}","templated":true}]}}