{"id":17043,"date":"2014-05-20T07:51:11","date_gmt":"2014-05-20T05:51:11","guid":{"rendered":"https:\/\/ny.skagenbeds.com\/home\/"},"modified":"2023-07-14T10:16:20","modified_gmt":"2023-07-14T08:16:20","slug":"home","status":"publish","type":"page","link":"https:\/\/skagenbeds.com\/de\/","title":{"rendered":"Home"},"content":{"rendered":"<div class=\"wpb-content-wrapper\"><p>[vc_row css_animation=&#8220;&#8220; row_type=&#8220;row&#8220; use_row_as_full_screen_section=&#8220;no&#8220; type=&#8220;grid&#8220; angled_section=&#8220;no&#8220; text_align=&#8220;left&#8220; background_image_as_pattern=&#8220;without_pattern&#8220; padding_top=&#8220;119&#8243; background_color=&#8220;#ffffff&#8220; padding_bottom=&#8220;34&#8243;][vc_column][vc_row_inner row_type=&#8220;row&#8220; type=&#8220;full_width&#8220; text_align=&#8220;left&#8220; css_animation=&#8220;&#8220;][vc_column_inner width=&#8220;1\/4&#8243;]<div class='q_icon_with_title medium normal_icon center '><div class=\"icon_holder \" style=\"margin: 0 0 32px 0; \"><span data-icon-type=\"normal\"  data-icon-hover-color=\"#6aabd1\" style=\"font-size: 35px;\" class=\"qode_iwt_icon_holder q_font_awsome_icon fa-3x  \"><span aria-hidden=\"true\" class=\"qode_icon_font_elegant icon_lightbulb qode_iwt_icon_element\" style=\"color: #193159;\" ><\/span><\/span><\/div><div class=\"icon_text_holder\" style=\"\"><div class=\"icon_text_inner\" style=\"\"><h5 class=\"icon_title\" style=\"\">Danish design<\/h5><p style=''>Skagen Beds are Danish designed and are manufactured in our own factories, where we research, develop and manufacture to our strict standards.<\/p><\/div><\/div><\/div>[vc_separator type=&#8220;transparent&#8220; up=&#8220;48&#8243; down=&#8220;0&#8243;][\/vc_column_inner][vc_column_inner width=&#8220;1\/4&#8243;]<div class='q_icon_with_title medium normal_icon center '><div class=\"icon_holder \" style=\"margin: 0 0 32px 0; \"><span data-icon-type=\"normal\"  data-icon-hover-color=\"#6aabd1\" style=\"font-size: 35px;\" class=\"qode_iwt_icon_holder q_font_awsome_icon fa-3x  \"><span aria-hidden=\"true\" class=\"qode_icon_font_elegant icon_heart qode_iwt_icon_element\" style=\"color: #193159;\" ><\/span><\/span><\/div><div class=\"icon_text_holder\" style=\"\"><div class=\"icon_text_inner\" style=\"\"><h5 class=\"icon_title\" style=\"\">First class comfort<\/h5><p style=''>The 7 zone system provides perfect support for the entire body while resting. This creates a completely different sleep experience to help you wake up ready for the day ahead.<\/p><\/div><\/div><\/div>[vc_separator type=&#8220;transparent&#8220; up=&#8220;48&#8243; down=&#8220;0&#8243;][\/vc_column_inner][vc_column_inner width=&#8220;1\/4&#8243;]<div class='q_icon_with_title medium normal_icon center '><div class=\"icon_holder \" style=\"margin: 0 0 32px 0; \"><span data-icon-type=\"normal\"  data-icon-hover-color=\"#6aabd1\" style=\"font-size: 35px;\" class=\"qode_iwt_icon_holder q_font_awsome_icon fa-3x  \"><span aria-hidden=\"true\" class=\"qode_icon_font_elegant icon_puzzle_alt qode_iwt_icon_element\" style=\"color: #193159;\" ><\/span><\/span><\/div><div class=\"icon_text_holder\" style=\"\"><div class=\"icon_text_inner\" style=\"\"><h5 class=\"icon_title\" style=\"\">Great setups<\/h5><p style=''>With Skagen Beds, you are able to design your own bed with a wide selection of headboards, textiles, leathers, legs and accessories.<\/p><\/div><\/div><\/div>[vc_separator type=&#8220;transparent&#8220; up=&#8220;48&#8243; down=&#8220;0&#8243;][\/vc_column_inner][vc_column_inner width=&#8220;1\/4&#8243;]<div class='q_icon_with_title medium normal_icon center '><div class=\"icon_holder \" style=\"margin: 0 0 32px 0; \"><span data-icon-type=\"normal\"  data-icon-hover-color=\"#6aabd1\" style=\"font-size: 35px;\" class=\"qode_iwt_icon_holder q_font_awsome_icon fa-3x  \"><span aria-hidden=\"true\" class=\"qode_icon_font_elegant icon_ribbon qode_iwt_icon_element\" style=\"color: #193159;\" ><\/span><\/span><\/div><div class=\"icon_text_holder\" style=\"\"><div class=\"icon_text_inner\" style=\"\"><h5 class=\"icon_title\" style=\"\">Warranty<\/h5><p style=''>Our adjustable beds offers one of the strongest motors on the bed market with a five-year warranty.<\/p><\/div><\/div><\/div>[vc_separator type=&#8220;transparent&#8220; up=&#8220;48&#8243; down=&#8220;0&#8243;][\/vc_column_inner][\/vc_row_inner][\/vc_column][\/vc_row][vc_row css_animation=&#8220;&#8220; row_type=&#8220;row&#8220; use_row_as_full_screen_section=&#8220;no&#8220; type=&#8220;grid&#8220; angled_section=&#8220;no&#8220; text_align=&#8220;center&#8220; background_image_as_pattern=&#8220;without_pattern&#8220; padding_top=&#8220;85&#8243; padding_bottom=&#8220;56&#8243; background_color=&#8220;#dee4ed&#8220; z_index=&#8220;&#8220;][vc_column][vc_column_text]<\/p>\n<h2 style=\"text-align: center;\">Inspired by nature itself<\/h2>\n<p>[\/vc_column_text][vc_separator type=&#8220;transparent&#8220; up=&#8220;20&#8243; down=&#8220;0&#8243;][vc_column_text css=&#8220;.vc_custom_1685621215736{padding-right: 19% !important;padding-left: 19% !important;}&#8220;]<\/p>\n<h4 style=\"text-align: center;\">Nature captures our attention through our senses, helps us relax and moves us away from stress. With Skagen Beds, you can create an oasis of calm and tranquillity with natural materials and modern comfort.<\/h4>\n<p>[\/vc_column_text][\/vc_column][\/vc_row][vc_row css_animation=&#8220;&#8220; row_type=&#8220;row&#8220; use_row_as_full_screen_section=&#8220;no&#8220; type=&#8220;grid&#8220; angled_section=&#8220;no&#8220; text_align=&#8220;left&#8220; background_image_as_pattern=&#8220;without_pattern&#8220; padding_top=&#8220;58&#8243; padding_bottom=&#8220;60&#8243; background_color=&#8220;#dee4ed&#8220; z_index=&#8220;&#8220; css=&#8220;.vc_custom_1685624732523{margin-top: -50px !important;}&#8220;][vc_column][vc_raw_html]PGRpdiBzdHlsZT0icG9zaXRpb246IHJlbGF0aXZlOyBwYWRkaW5nLWJvdHRvbTogNTYuMjUlOyBvdmVyZmxvdzogaGlkZGVuOyI+PGlmcmFtZSBzdHlsZT0icG9zaXRpb246IGFic29sdXRlOyIgc3JjPSJodHRwczovL2Nkbi5qd3BsYXllci5jb20vcGxheWVycy9YYXRkS29SZS1yZXNIaVhLby5odG1sIiB3aWR0aD0iMTAwJSIgaGVpZ2h0PSIxMDAlIiBmcmFtZWJvcmRlcj0iMCIgc2Nyb2xsaW5nPSJhdXRvIiBhbGxvd2Z1bGxzY3JlZW49ImFsbG93ZnVsbHNjcmVlbiI+PC9pZnJhbWU+PC9kaXY+[\/vc_raw_html][vc_empty_space height=&#8220;65&#8243;][vc_row_inner row_type=&#8220;row&#8220; type=&#8220;full_width&#8220; text_align=&#8220;left&#8220; css_animation=&#8220;&#8220;][vc_column_inner width=&#8220;1\/2&#8243;][vc_column_text css=&#8220;.vc_custom_1685623739851{padding-right: 5px !important;}&#8220;]<\/p>\n<h5 style=\"text-align: center;\">Entwerfen Sie ein Bett Ihrer Wahl<\/h5>\n<h4 style=\"text-align: center;\">Das Skagen Beds-Programm ist \u00e4u\u00dferst flexibel. Sie k\u00f6nnen Ihr Bett durch eine gro\u00dfe Auswahl an Farben, Textilien, Lederarten, Beinen, Kopfteilen, Auflagen, Untergestellen und anderen Besonderheiten gestalten.<\/h4>\n<p>[\/vc_column_text][\/vc_column_inner][vc_column_inner width=&#8220;1\/2&#8243;][vc_column_text]<\/p>\n<h5 style=\"text-align: center;\">Kurz gesagt<\/h5>\n<h4 style=\"text-align: center;\">Wenn Sie sich f\u00fcr ein Kontinentalbett oder ein verstellbares Bett von Skagen Beds entscheiden, erleben Sie mit dem 7-Zonen-System, das sich an Ihren K\u00f6rper anpasst, ultimativen Komfort. Mit den zahlreichen verf\u00fcgbaren Matratzen und Auflagen k\u00f6nnen Sie die Kombination w\u00e4hlen, die am besten Ihren speziellen Bed\u00fcrfnissen entspricht.<\/h4>\n<p>[\/vc_column_text][\/vc_column_inner][\/vc_row_inner][\/vc_column][\/vc_row][vc_row css_animation=&#8220;&#8220; row_type=&#8220;row&#8220; use_row_as_full_screen_section=&#8220;no&#8220; type=&#8220;full_width&#8220; angled_section=&#8220;no&#8220; text_align=&#8220;left&#8220; background_image_as_pattern=&#8220;without_pattern&#8220; z_index=&#8220;&#8220; background_image=&#8220;15553&#8243;][vc_column]<div class='qode_carousels_holder clearfix'><div class='qode_carousels' data-number-of-visible-items='4'><ul class='slides'>Sorry, no posts matched your criteria.<\/ul><\/div><\/div>[\/vc_column][\/vc_row][vc_row css_animation=&#8220;&#8220; row_type=&#8220;row&#8220; use_row_as_full_screen_section=&#8220;no&#8220; type=&#8220;grid&#8220; angled_section=&#8220;no&#8220; text_align=&#8220;left&#8220; background_image_as_pattern=&#8220;without_pattern&#8220; z_index=&#8220;&#8220;][vc_column][\/vc_column][\/vc_row]<\/p>\n<\/div>","protected":false},"excerpt":{"rendered":"<p>[vc_row css_animation=&#8220;&#8220; row_type=&#8220;row&#8220; use_row_as_full_screen_section=&#8220;no&#8220; type=&#8220;grid&#8220; angled_section=&#8220;no&#8220; text_align=&#8220;left&#8220; background_image_as_pattern=&#8220;without_pattern&#8220; padding_top=&#8220;119&#8243; background_color=&#8220;#ffffff&#8220; padding_bottom=&#8220;34&#8243;][vc_column][vc_row_inner row_type=&#8220;row&#8220; type=&#8220;full_width&#8220; text_align=&#8220;left&#8220; css_animation=&#8220;&#8220;][vc_column_inner width=&#8220;1\/4&#8243;][vc_separator type=&#8220;transparent&#8220; up=&#8220;48&#8243; down=&#8220;0&#8243;][\/vc_column_inner][vc_column_inner width=&#8220;1\/4&#8243;][vc_separator type=&#8220;transparent&#8220; up=&#8220;48&#8243; down=&#8220;0&#8243;][\/vc_column_inner][vc_column_inner width=&#8220;1\/4&#8243;][vc_separator type=&#8220;transparent&#8220; up=&#8220;48&#8243; down=&#8220;0&#8243;][\/vc_column_inner][vc_column_inner width=&#8220;1\/4&#8243;][vc_separator type=&#8220;transparent&#8220; up=&#8220;48&#8243; down=&#8220;0&#8243;][\/vc_column_inner][\/vc_row_inner][\/vc_column][\/vc_row][vc_row css_animation=&#8220;&#8220; row_type=&#8220;row&#8220; use_row_as_full_screen_section=&#8220;no&#8220; type=&#8220;grid&#8220; angled_section=&#8220;no&#8220; text_align=&#8220;center&#8220; background_image_as_pattern=&#8220;without_pattern&#8220; padding_top=&#8220;85&#8243; padding_bottom=&#8220;56&#8243; background_color=&#8220;#dee4ed&#8220; z_index=&#8220;&#8220;][vc_column][vc_column_text] Inspired by nature&#8230;<\/p>\n","protected":false},"author":3,"featured_media":0,"parent":0,"menu_order":0,"comment_status":"open","ping_status":"open","template":"full_width.php","meta":{"footnotes":""},"class_list":["post-17043","page","type-page","status-publish","hentry"],"aioseo_notices":[],"_links":{"self":[{"href":"https:\/\/skagenbeds.com\/de\/wp-json\/wp\/v2\/pages\/17043","targetHints":{"allow":["GET"]}}],"collection":[{"href":"https:\/\/skagenbeds.com\/de\/wp-json\/wp\/v2\/pages"}],"about":[{"href":"https:\/\/skagenbeds.com\/de\/wp-json\/wp\/v2\/types\/page"}],"author":[{"embeddable":true,"href":"https:\/\/skagenbeds.com\/de\/wp-json\/wp\/v2\/users\/3"}],"replies":[{"embeddable":true,"href":"https:\/\/skagenbeds.com\/de\/wp-json\/wp\/v2\/comments?post=17043"}],"version-history":[{"count":12,"href":"https:\/\/skagenbeds.com\/de\/wp-json\/wp\/v2\/pages\/17043\/revisions"}],"predecessor-version":[{"id":17071,"href":"https:\/\/skagenbeds.com\/de\/wp-json\/wp\/v2\/pages\/17043\/revisions\/17071"}],"wp:attachment":[{"href":"https:\/\/skagenbeds.com\/de\/wp-json\/wp\/v2\/media?parent=17043"}],"curies":[{"name":"wp","href":"https:\/\/api.w.org\/{rel}","templated":true}]}}