{"id":16726,"date":"2023-06-01T13:31:45","date_gmt":"2023-06-01T11:31:45","guid":{"rendered":"https:\/\/ny.skagenbeds.com\/brand-story\/"},"modified":"2023-07-14T12:13:12","modified_gmt":"2023-07-14T10:13:12","slug":"brand-story","status":"publish","type":"page","link":"https:\/\/skagenbeds.com\/de\/brand-story\/","title":{"rendered":"Geschichte der Marke"},"content":{"rendered":"<div class=\"wpb-content-wrapper\"><p>[vc_row css_animation=&#8220;&#8220; row_type=&#8220;row&#8220; use_row_as_full_screen_section=&#8220;no&#8220; type=&#8220;grid&#8220; angled_section=&#8220;no&#8220; text_align=&#8220;left&#8220; background_image_as_pattern=&#8220;without_pattern&#8220; z_index=&#8220;&#8220; css=&#8220;.vc_custom_1686056379558{margin-top: 70px !important;}&#8220;][vc_column width=&#8220;1\/2&#8243;][vc_single_image image=&#8220;15635&#8243; img_size=&#8220;full&#8220; qode_css_animation=&#8220;&#8220;][vc_empty_space height=&#8220;10&#8243;][vc_single_image image=&#8220;15642&#8243; img_size=&#8220;full&#8220; qode_css_animation=&#8220;&#8220;][\/vc_column][vc_column width=&#8220;1\/2&#8243; css=&#8220;.vc_custom_1686646409928{margin-left: 0px !important;}&#8220;][vc_empty_space height=&#8220;20&#8243;][vc_column_text css=&#8220;.vc_custom_1689322729884{padding-bottom: 30px !important;}&#8220;]<\/p>\n<h2>\u00dcber Skagen Beds<\/h2>\n<p>[\/vc_column_text][vc_column_text]Wir bei <strong>Skagen Beds<\/strong> glauben, dass ein Bett die beste Schlafqualit\u00e4t bieten, f\u00fcr viele Jahre halten und durch das von Ihnen individuell gestaltete Design eine t\u00e4gliche Bereicherung darstellen sollte.<\/p>\n<p>&nbsp;<\/p>\n<p>Neben den vielen Auswahlm\u00f6glichkeiten in Qualit\u00e4ten f\u00fcr Matratzen und Matratzenauflagen bietet das <strong>Skagen Beds<\/strong>-Konzept auch verschiedene Funktionen f\u00fcr Kopfteile, z. B. eine elektrische verstellbare Nackenst\u00fctze, damit Ihr Bett auch tags\u00fcber zu einem entspannenden Zufluchtsort wird.<\/p>\n<p>&nbsp;<\/p>\n<p>Wir arbeiten mit professionellen Bett-Designern zusammen, die \u00fcber viele Jahre Erfahrung in der Bettenherstellung verf\u00fcgen. Wir entwickeln zusammen Matratzenqualit\u00e4ten und Optionen f\u00fcr Matratzenauflagen in einem Sortiment, das jedem Bedarf gerecht wird.<\/p>\n<p>&nbsp;<\/p>\n<p><strong>Skagen Beds<\/strong> werden von dem d\u00e4nischen M\u00f6belhersteller Hjort Knudsen hergestellt, der sich in Familienbesitz befindet und seinen Hauptsitz in D\u00e4nemark in der N\u00e4he des Meeres hat. Wir stellen seit 1973 Polsterm\u00f6bel her, vertreiben sie in ganz Nordeuropa und besch\u00e4ftigen zurzeit rund 2.200 Mitarbeiter. Mit <strong>Skagen Beds<\/strong> m\u00f6chten wir unseren Kunden eine ungest\u00f6rte Nachtruhe bieten, damit sie sich regenerieren k\u00f6nnen, so wie ein Spaziergang am Strand und der Aufenthalt in der Natur unsere Lebensenergie wiederherstellen k\u00f6nnen.<\/p>\n<p>&nbsp;<\/p>\n<p>Schlaf ist wichtig f\u00fcr uns. Wenn wir nicht gen\u00fcgend schlafen, nimmt unsere F\u00e4higkeit, Entscheidungen zu treffen und uns gesellig zu verhalten, bedeutend ab. Es ist nicht immer einfach, in unserer modernen Welt Frieden und Ruhe zu finden, und die Forderung, \u00fcber unsere Mobiltelefone und sozialen Medien erreichbar zu sein, scheint sich im Laufe der Zeit zu erh\u00f6hen.[\/vc_column_text][vc_empty_space height=&#8220;100&#8243;][vc_empty_space height=&#8220;100&#8243;][\/vc_column][\/vc_row][vc_row css_animation=&#8220;&#8220; row_type=&#8220;row&#8220; use_row_as_full_screen_section=&#8220;no&#8220; type=&#8220;full_width&#8220; angled_section=&#8220;no&#8220; text_align=&#8220;left&#8220; background_image_as_pattern=&#8220;without_pattern&#8220; css=&#8220;.vc_custom_1686056460481{padding-top: 90px !important;padding-bottom: 120px !important;}&#8220; z_index=&#8220;&#8220; background_color=&#8220;#e8e8e8&#8243;][vc_column width=&#8220;1\/6&#8243;][\/vc_column][vc_column width=&#8220;2\/3&#8243;][vc_column_text]<\/p>\n<h2 style=\"text-align: center;\">Video \u00fcber die Herstellung ansehen<\/h2>\n<p style=\"text-align: center;\"><span lang=\"DE\">Erfahren Sie mehr dar\u00fcber, wie wir Skagen Beds herstellen<\/span><\/p>\n<p>[\/vc_column_text][vc_empty_space][vc_column_text]<\/p>\n<div style=\"position: relative; padding-bottom: 56.25%; overflow: hidden;\"><iframe loading=\"lazy\" style=\"position: absolute;\" src=\"https:\/\/cdn.jwplayer.com\/players\/LEUT0Yeg-resHiXKo.html\" width=\"100%\" height=\"100%\" frameborder=\"0\" scrolling=\"auto\" allowfullscreen=\"allowfullscreen\"><\/iframe><\/div>\n<p>[\/vc_column_text][\/vc_column][vc_column width=&#8220;1\/6&#8243;][\/vc_column][\/vc_row][vc_row css_animation=&#8220;&#8220; row_type=&#8220;row&#8220; use_row_as_full_screen_section=&#8220;no&#8220; type=&#8220;full_width&#8220; angled_section=&#8220;no&#8220; text_align=&#8220;left&#8220; background_image_as_pattern=&#8220;without_pattern&#8220; z_index=&#8220;&#8220; background_image=&#8220;15677&#8243; css=&#8220;.vc_custom_1686056735446{padding-top: 65px !important;padding-bottom: 55px !important;}&#8220;][vc_column][vc_empty_space height=&#8220;50&#8243;][vc_column_text]<\/p>\n<h1 style=\"text-align: center;\">Lassen Sie sich inspirieren<\/h1>\n<p>[\/vc_column_text][vc_empty_space height=&#8220;15&#8243;][vc_column_text]<\/p>\n<h3 style=\"text-align: center;\">Siehe Galerie<\/h3>\n<p>[\/vc_column_text][vc_empty_space height=&#8220;40&#8243;][vc_row_inner row_type=&#8220;row&#8220; type=&#8220;full_width&#8220; text_align=&#8220;left&#8220; css_animation=&#8220;&#8220;][vc_column_inner][vc_column_text]<\/p>\n<p style=\"text-align: center;\"><a  itemprop=\"url\" href=\"https:\/\/skagenbeds.com\/de\/gallery\/\" target=\"_self\" data-hover-background-color='#193159'  class=\"qbutton  large center default\" style=\"color: #e8e8e8; font-style: normal; font-weight: 600; background-color: #6aabd1;\">Galerie<\/a><\/p>\n<p>[\/vc_column_text][\/vc_column_inner][vc_column_inner][vc_empty_space][\/vc_column_inner][\/vc_row_inner][\/vc_column][\/vc_row]<\/p>\n<\/div>","protected":false},"excerpt":{"rendered":"<p>[vc_row css_animation=&#8220;&#8220; row_type=&#8220;row&#8220; use_row_as_full_screen_section=&#8220;no&#8220; type=&#8220;grid&#8220; angled_section=&#8220;no&#8220; text_align=&#8220;left&#8220; background_image_as_pattern=&#8220;without_pattern&#8220; z_index=&#8220;&#8220; css=&#8220;.vc_custom_1686056379558{margin-top: 70px !important;}&#8220;][vc_column width=&#8220;1\/2&#8243;][vc_single_image image=&#8220;15635&#8243; img_size=&#8220;full&#8220; qode_css_animation=&#8220;&#8220;][vc_empty_space height=&#8220;10&#8243;][vc_single_image image=&#8220;15642&#8243; img_size=&#8220;full&#8220; qode_css_animation=&#8220;&#8220;][\/vc_column][vc_column width=&#8220;1\/2&#8243; css=&#8220;.vc_custom_1686646409928{margin-left: 0px !important;}&#8220;][vc_empty_space height=&#8220;20&#8243;][vc_column_text css=&#8220;.vc_custom_1689322729884{padding-bottom: 30px !important;}&#8220;] \u00dcber Skagen Beds [\/vc_column_text][vc_column_text]Wir bei Skagen Beds glauben, dass ein Bett die beste Schlafqualit\u00e4t bieten, f\u00fcr viele&#8230;<\/p>\n","protected":false},"author":3,"featured_media":0,"parent":0,"menu_order":0,"comment_status":"closed","ping_status":"closed","template":"full_width.php","meta":{"footnotes":""},"class_list":["post-16726","page","type-page","status-publish","hentry"],"aioseo_notices":[],"_links":{"self":[{"href":"https:\/\/skagenbeds.com\/de\/wp-json\/wp\/v2\/pages\/16726","targetHints":{"allow":["GET"]}}],"collection":[{"href":"https:\/\/skagenbeds.com\/de\/wp-json\/wp\/v2\/pages"}],"about":[{"href":"https:\/\/skagenbeds.com\/de\/wp-json\/wp\/v2\/types\/page"}],"author":[{"embeddable":true,"href":"https:\/\/skagenbeds.com\/de\/wp-json\/wp\/v2\/users\/3"}],"replies":[{"embeddable":true,"href":"https:\/\/skagenbeds.com\/de\/wp-json\/wp\/v2\/comments?post=16726"}],"version-history":[{"count":16,"href":"https:\/\/skagenbeds.com\/de\/wp-json\/wp\/v2\/pages\/16726\/revisions"}],"predecessor-version":[{"id":17102,"href":"https:\/\/skagenbeds.com\/de\/wp-json\/wp\/v2\/pages\/16726\/revisions\/17102"}],"wp:attachment":[{"href":"https:\/\/skagenbeds.com\/de\/wp-json\/wp\/v2\/media?parent=16726"}],"curies":[{"name":"wp","href":"https:\/\/api.w.org\/{rel}","templated":true}]}}