{"id":16783,"date":"2023-06-01T13:32:08","date_gmt":"2023-06-01T11:32:08","guid":{"rendered":"https:\/\/ny.skagenbeds.com\/sleep-well\/"},"modified":"2023-07-13T10:25:09","modified_gmt":"2023-07-13T08:25:09","slug":"sleep-well","status":"publish","type":"page","link":"https:\/\/skagenbeds.com\/da\/sleep-well\/","title":{"rendered":"Sov godt"},"content":{"rendered":"<div class=\"wpb-content-wrapper\"><p>[vc_row css_animation=&#8221;&#8221; row_type=&#8221;row&#8221; use_row_as_full_screen_section=&#8221;no&#8221; type=&#8221;full_width&#8221; angled_section=&#8221;no&#8221; text_align=&#8221;left&#8221; background_image_as_pattern=&#8221;without_pattern&#8221;][vc_column][vc_empty_space height=&#8221;100&#8243;][\/vc_column][\/vc_row][vc_row css_animation=&#8221;&#8221; row_type=&#8221;row&#8221; use_row_as_full_screen_section=&#8221;no&#8221; type=&#8221;grid&#8221; angled_section=&#8221;no&#8221; text_align=&#8221;left&#8221; background_image_as_pattern=&#8221;without_pattern&#8221; z_index=&#8221;&#8221;][vc_column width=&#8221;1\/2&#8243; css=&#8221;.vc_custom_1686647218547{padding-bottom: 20px !important;}&#8221;][vc_column_text]<\/p>\n<div style=\"position: relative; overflow: hidden; padding-bottom: 56.25%;\"><iframe loading=\"lazy\" style=\"position: absolute;\" title=\"Skagen Senge 2022 Teaser\" src=\"https:\/\/cdn.jwplayer.com\/players\/2oCgpaJN-resHiXKo.html\" width=\"100%\" height=\"100%\" frameborder=\"0\" scrolling=\"auto\" allowfullscreen=\"allowfullscreen\"><\/iframe><\/div>\n<p>[\/vc_column_text][\/vc_column][vc_column width=&#8221;1\/2&#8243; css=&#8221;.vc_custom_1686647136395{margin-left: 0px !important;}&#8221;][vc_column_text css=&#8221;.vc_custom_1689235940252{padding-bottom: 30px !important;}&#8221;]<\/p>\n<h2>F\u00e5 en forfriskende s\u00f8vn<\/h2>\n<p>[\/vc_column_text][vc_column_text]<strong>Skagen Beds tilbyder kvalitetssenge med mange forskellige muligheder for tilpasning, for at im\u00f8dekomme dine behov.<\/strong><br \/>\nVi tilbringer omkring en tredjedel af vores liv i sengen \u2013 det er derfor vigtigt at have en god seng. En god nats s\u00f8vn er essentiel for at leve et liv med livskraft og energi.<br \/>\nVi er alle sammen forskellige, s\u00e5 du b\u00f8r finde en seng der passer dig og din krop. For at f\u00e5 en god nats s\u00f8vn, er det vigtigt at din ryg er st\u00f8ttet s\u00e5 ligeligt fordelt som muligt. Dette restituerer kroppen og afslapper dine muskler, s\u00e5 du v\u00e5gner udhvilet og klar til n\u00e6ste dag.[\/vc_column_text][\/vc_column][\/vc_row][vc_row css_animation=&#8221;&#8221; row_type=&#8221;row&#8221; use_row_as_full_screen_section=&#8221;no&#8221; type=&#8221;full_width&#8221; angled_section=&#8221;no&#8221; text_align=&#8221;left&#8221; background_image_as_pattern=&#8221;without_pattern&#8221;][vc_column][vc_empty_space height=&#8221;100&#8243;][\/vc_column][\/vc_row][vc_row css_animation=&#8221;&#8221; row_type=&#8221;row&#8221; use_row_as_full_screen_section=&#8221;no&#8221; type=&#8221;full_width&#8221; angled_section=&#8221;no&#8221; text_align=&#8221;left&#8221; background_image_as_pattern=&#8221;without_pattern&#8221; z_index=&#8221;&#8221; background_color=&#8221;#dee4ed&#8221;][vc_column][vc_empty_space height=&#8221;60&#8243;][vc_column_text]<\/p>\n<h1 style=\"text-align: center;\">Madras guide<\/h1>\n<p>[\/vc_column_text][vc_empty_space height=&#8221;15&#8243;][vc_column_text]<\/p>\n<h5 style=\"text-align: center;\">Typiske valgte h\u00e5rdheder p\u00e5 madrasser<\/h5>\n<p>[\/vc_column_text][vc_empty_space height=&#8221;60&#8243;][vc_column_text]<\/p>\n<h2 style=\"text-align: center;\">Kropstype<\/h2>\n<p>[\/vc_column_text][vc_empty_space height=&#8221;70&#8243;][vc_row_inner row_type=&#8221;row&#8221; type=&#8221;grid&#8221; text_align=&#8221;left&#8221; css_animation=&#8221;&#8221;][vc_column_inner width=&#8221;1\/5&#8243;][vc_single_image image=&#8221;16489&#8243; img_size=&#8221;medium&#8221; alignment=&#8221;center&#8221; qode_css_animation=&#8221;element_from_fade&#8221;][vc_empty_space][vc_column_text]<\/p>\n<h3 style=\"text-align: center;\">Type A<\/h3>\n<p>[\/vc_column_text][vc_column_text]<\/p>\n<p style=\"text-align: center;\">Hofter er bredere end talje<\/p>\n<p>[\/vc_column_text][vc_column_text]<\/p>\n<p style=\"text-align: center;\"><strong>H\u00e5rdhed H3-H5<\/strong><\/p>\n<p>[\/vc_column_text][\/vc_column_inner][vc_column_inner width=&#8221;1\/5&#8243;][vc_single_image image=&#8221;16483&#8243; img_size=&#8221;medium&#8221; alignment=&#8221;center&#8221; qode_css_animation=&#8221;element_from_fade&#8221;][vc_empty_space][vc_column_text]<\/p>\n<h3 style=\"text-align: center;\">Type Y<\/h3>\n<p>[\/vc_column_text][vc_column_text]<\/p>\n<p style=\"text-align: center;\">Skuldre er bredere end hofter<\/p>\n<p>[\/vc_column_text][vc_column_text]<\/p>\n<p style=\"text-align: center;\"><strong>H\u00e5rdhed H1-H3<\/strong><\/p>\n<p>[\/vc_column_text][\/vc_column_inner][vc_column_inner width=&#8221;1\/5&#8243;][vc_single_image image=&#8221;16503&#8243; img_size=&#8221;medium&#8221; alignment=&#8221;center&#8221; qode_css_animation=&#8221;element_from_fade&#8221;][vc_empty_space][vc_column_text]<\/p>\n<h3 style=\"text-align: center;\">Type O<\/h3>\n<p>[\/vc_column_text][vc_column_text]<\/p>\n<p style=\"text-align: center;\">Talje er bredere end skuldre og hofter<\/p>\n<p>[\/vc_column_text][vc_column_text]<\/p>\n<p style=\"text-align: center;\"><strong>H\u00e5rdhed H3-H5<\/strong><\/p>\n<p>[\/vc_column_text][\/vc_column_inner][vc_column_inner width=&#8221;1\/5&#8243;][vc_single_image image=&#8221;16509&#8243; img_size=&#8221;medium&#8221; alignment=&#8221;center&#8221; qode_css_animation=&#8221;element_from_fade&#8221;][vc_empty_space][vc_column_text]<\/p>\n<h3 style=\"text-align: center;\">Type X<\/h3>\n<p>[\/vc_column_text][vc_column_text]<\/p>\n<p style=\"text-align: center;\">Skuldre og hofter er bredere end talje<\/p>\n<p>[\/vc_column_text][vc_column_text]<\/p>\n<p style=\"text-align: center;\"><strong>H\u00e5rdhed H1-H3<\/strong><\/p>\n<p>[\/vc_column_text][\/vc_column_inner][vc_column_inner width=&#8221;1\/5&#8243;][vc_single_image image=&#8221;16514&#8243; img_size=&#8221;medium&#8221; alignment=&#8221;center&#8221; qode_css_animation=&#8221;element_from_fade&#8221;][vc_empty_space][vc_column_text]<\/p>\n<h3 style=\"text-align: center;\">Type I<\/h3>\n<p>[\/vc_column_text][vc_column_text]<\/p>\n<p style=\"text-align: center;\">Skuldre, talje og hofter er n\u00e6sten lige brede<\/p>\n<p>[\/vc_column_text][vc_column_text]<\/p>\n<p style=\"text-align: center;\"><strong>H\u00e5rdhed H2-H3<\/strong><\/p>\n<p>[\/vc_column_text][\/vc_column_inner][\/vc_row_inner][vc_empty_space height=&#8221;100&#8243;][\/vc_column][\/vc_row][vc_row css_animation=&#8221;&#8221; row_type=&#8221;row&#8221; use_row_as_full_screen_section=&#8221;no&#8221; type=&#8221;full_width&#8221; angled_section=&#8221;no&#8221; text_align=&#8221;right&#8221; background_image_as_pattern=&#8221;without_pattern&#8221; z_index=&#8221;&#8221; background_image=&#8221;15706&#8243; css=&#8221;.vc_custom_1686136042314{padding-top: 65px !important;padding-bottom: 65px !important;}&#8221;][vc_column][vc_column_text]<\/p>\n<h1 style=\"text-align: center;\">Liggekomfort<\/h1>\n<p>[\/vc_column_text][vc_empty_space height=&#8221;15&#8243;][vc_column_text]<\/p>\n<h3 style=\"text-align: center;\"><span style=\"color: #000000;\">L\u00e6s mere om tilpasningsmulighederne<\/span><\/h3>\n<p>[\/vc_column_text][vc_empty_space height=&#8221;40&#8243;][vc_column_text]<\/p>\n<p style=\"text-align: center;\"><a  itemprop=\"url\" href=\"https:\/\/skagenbeds.com\/da\/under-the-cover\/\" target=\"_self\" data-hover-background-color='#193159'  class=\"qbutton  large center default\" style=\"color: #e8e8e8; font-style: normal; font-weight: 600; background-color: #6aabd1;\">Liggekomfort<\/a><\/p>\n<p>[\/vc_column_text][\/vc_column][\/vc_row]<\/p>\n<\/div>","protected":false},"excerpt":{"rendered":"<p>[vc_row css_animation=&#8221;&#8221; row_type=&#8221;row&#8221; use_row_as_full_screen_section=&#8221;no&#8221; type=&#8221;full_width&#8221; angled_section=&#8221;no&#8221; text_align=&#8221;left&#8221; background_image_as_pattern=&#8221;without_pattern&#8221;][vc_column][vc_empty_space height=&#8221;100&#8243;][\/vc_column][\/vc_row][vc_row css_animation=&#8221;&#8221; row_type=&#8221;row&#8221; use_row_as_full_screen_section=&#8221;no&#8221; type=&#8221;grid&#8221; angled_section=&#8221;no&#8221; text_align=&#8221;left&#8221; background_image_as_pattern=&#8221;without_pattern&#8221; z_index=&#8221;&#8221;][vc_column width=&#8221;1\/2&#8243; css=&#8221;.vc_custom_1686647218547{padding-bottom: 20px !important;}&#8221;][vc_column_text] [\/vc_column_text][\/vc_column][vc_column width=&#8221;1\/2&#8243; css=&#8221;.vc_custom_1686647136395{margin-left: 0px !important;}&#8221;][vc_column_text css=&#8221;.vc_custom_1689235940252{padding-bottom: 30px !important;}&#8221;] F\u00e5 en forfriskende s\u00f8vn [\/vc_column_text][vc_column_text]Skagen Beds tilbyder kvalitetssenge med mange forskellige muligheder for tilpasning, for at&#8230;<\/p>\n","protected":false},"author":3,"featured_media":0,"parent":0,"menu_order":0,"comment_status":"closed","ping_status":"closed","template":"full_width.php","meta":{"footnotes":""},"class_list":["post-16783","page","type-page","status-publish","hentry"],"aioseo_notices":[],"_links":{"self":[{"href":"https:\/\/skagenbeds.com\/da\/wp-json\/wp\/v2\/pages\/16783","targetHints":{"allow":["GET"]}}],"collection":[{"href":"https:\/\/skagenbeds.com\/da\/wp-json\/wp\/v2\/pages"}],"about":[{"href":"https:\/\/skagenbeds.com\/da\/wp-json\/wp\/v2\/types\/page"}],"author":[{"embeddable":true,"href":"https:\/\/skagenbeds.com\/da\/wp-json\/wp\/v2\/users\/3"}],"replies":[{"embeddable":true,"href":"https:\/\/skagenbeds.com\/da\/wp-json\/wp\/v2\/comments?post=16783"}],"version-history":[{"count":13,"href":"https:\/\/skagenbeds.com\/da\/wp-json\/wp\/v2\/pages\/16783\/revisions"}],"predecessor-version":[{"id":16796,"href":"https:\/\/skagenbeds.com\/da\/wp-json\/wp\/v2\/pages\/16783\/revisions\/16796"}],"wp:attachment":[{"href":"https:\/\/skagenbeds.com\/da\/wp-json\/wp\/v2\/media?parent=16783"}],"curies":[{"name":"wp","href":"https:\/\/api.w.org\/{rel}","templated":true}]}}