{"id":16765,"date":"2023-06-01T13:31:45","date_gmt":"2023-06-01T11:31:45","guid":{"rendered":"https:\/\/ny.skagenbeds.com\/brand-story\/"},"modified":"2023-07-13T09:41:36","modified_gmt":"2023-07-13T07:41:36","slug":"brand-story","status":"publish","type":"page","link":"https:\/\/skagenbeds.com\/da\/brand-story\/","title":{"rendered":"Brand story"},"content":{"rendered":"<div class=\"wpb-content-wrapper\"><p>[vc_row css_animation=&#8221;&#8221; row_type=&#8221;row&#8221; use_row_as_full_screen_section=&#8221;no&#8221; type=&#8221;grid&#8221; angled_section=&#8221;no&#8221; text_align=&#8221;left&#8221; background_image_as_pattern=&#8221;without_pattern&#8221; z_index=&#8221;&#8221; css=&#8221;.vc_custom_1686056379558{margin-top: 70px !important;}&#8221;][vc_column width=&#8221;1\/2&#8243;][vc_single_image image=&#8221;15635&#8243; img_size=&#8221;full&#8221; qode_css_animation=&#8221;&#8221;][vc_empty_space height=&#8221;10&#8243;][vc_single_image image=&#8221;15642&#8243; img_size=&#8221;full&#8221; qode_css_animation=&#8221;&#8221;][\/vc_column][vc_column width=&#8221;1\/2&#8243; css=&#8221;.vc_custom_1686646409928{margin-left: 0px !important;}&#8221;][vc_empty_space height=&#8221;20&#8243;][vc_column_text css=&#8221;.vc_custom_1689169988846{padding-bottom: 30px !important;}&#8221;]<\/p>\n<h2>Om Skagen Beds<\/h2>\n<p>[\/vc_column_text][vc_column_text]Hos <strong>Skagen Senge<\/strong> mener vi, at en seng skal give den bedste s\u00f8vnkvalitet, holde i mange \u00e5r og daglig gl\u00e6de dig med et smukt design, du selv har skr\u00e6ddersyet.<\/p>\n<p>&nbsp;<\/p>\n<p>Udover de mange muligheder indenfor madras- og topmadraskvaliteter, byder Skagen Beds konceptet ogs\u00e5 p\u00e5 forskellige funktioner til sengegavle, f.eks. en elektrisk justerbar nakkest\u00f8tte, som hj\u00e6lper med at g\u00f8re din seng til et afslappende tilflugtssted \u2013 selv i dagtimerne.<\/p>\n<p>&nbsp;<\/p>\n<p>Vi arbejder med professionelle sengedesignere med mange \u00e5rs erfaring i branchen. Sammen udvikler vi madraskvaliteter og muligheder for forskellige topmadrasser som passer alles behov.<\/p>\n<p>&nbsp;<\/p>\n<p><strong>Skagen Beds<\/strong> er lavet af den familieejede danske m\u00f8belproducent Hjort Knudsen, der har hoveds\u00e6de i Danmark, t\u00e6t p\u00e5 vestkysten. Vi har produceret polsterm\u00f8bler siden 1973, distribueret i hele Nordeuropa og har omkring \u00a02.400 ansatte. Med <strong>Skagen Beds<\/strong> vil vi gerne byde vores kunder p\u00e5 en god nats s\u00f8vn, der skaber en restituerende oplevelse, p\u00e5 samme m\u00e5de som en g\u00e5tur ved kysten og at v\u00e6re i naturen kan give os vitalitet.<\/p>\n<p>&nbsp;<\/p>\n<p>S\u00f8vn er livsvigtig for os. Hvis vi ikke f\u00e5r nok s\u00f8vn, reduceres vores evne til at tr\u00e6ffe beslutninger og beg\u00e5 os socialt. Det er ikke altid nemt at finde ro og stilhed i vores moderne verden \u2013 lad <strong>Skagen Beds<\/strong> v\u00e6re centrum for en afslappende oase i dit hjem.[\/vc_column_text][vc_empty_space height=&#8221;100&#8243;][vc_empty_space height=&#8221;100&#8243;][\/vc_column][\/vc_row][vc_row css_animation=&#8221;&#8221; row_type=&#8221;row&#8221; use_row_as_full_screen_section=&#8221;no&#8221; type=&#8221;full_width&#8221; angled_section=&#8221;no&#8221; text_align=&#8221;left&#8221; background_image_as_pattern=&#8221;without_pattern&#8221; css=&#8221;.vc_custom_1686056460481{padding-top: 90px !important;padding-bottom: 120px !important;}&#8221; z_index=&#8221;&#8221; background_color=&#8221;#e8e8e8&#8243;][vc_column width=&#8221;1\/6&#8243;][\/vc_column][vc_column width=&#8221;2\/3&#8243;][vc_column_text]<\/p>\n<h2 style=\"text-align: center;\">Se produktionsvideo<\/h2>\n<p style=\"text-align: center;\">Se hvordan Skagen Beds produceres<\/p>\n<p>[\/vc_column_text][vc_empty_space][vc_column_text]<\/p>\n<div style=\"position: relative; padding-bottom: 56.25%; overflow: hidden;\"><iframe loading=\"lazy\" style=\"position: absolute;\" src=\"https:\/\/cdn.jwplayer.com\/players\/LEUT0Yeg-resHiXKo.html\" width=\"100%\" height=\"100%\" frameborder=\"0\" scrolling=\"auto\" allowfullscreen=\"allowfullscreen\"><\/iframe><\/div>\n<p>[\/vc_column_text][\/vc_column][vc_column width=&#8221;1\/6&#8243;][\/vc_column][\/vc_row][vc_row css_animation=&#8221;&#8221; row_type=&#8221;row&#8221; use_row_as_full_screen_section=&#8221;no&#8221; type=&#8221;full_width&#8221; angled_section=&#8221;no&#8221; text_align=&#8221;left&#8221; background_image_as_pattern=&#8221;without_pattern&#8221; z_index=&#8221;&#8221; background_image=&#8221;15677&#8243; css=&#8221;.vc_custom_1686056735446{padding-top: 65px !important;padding-bottom: 55px !important;}&#8221;][vc_column][vc_empty_space height=&#8221;50&#8243;][vc_column_text]<\/p>\n<h1 style=\"text-align: center;\">F\u00e5 inspiration<\/h1>\n<p>[\/vc_column_text][vc_empty_space height=&#8221;15&#8243;][vc_column_text]<\/p>\n<h3 style=\"text-align: center;\">Se galleriet<\/h3>\n<p>[\/vc_column_text][vc_empty_space height=&#8221;40&#8243;][vc_row_inner row_type=&#8221;row&#8221; type=&#8221;full_width&#8221; text_align=&#8221;left&#8221; css_animation=&#8221;&#8221;][vc_column_inner][vc_column_text]<\/p>\n<p style=\"text-align: center;\"><a  itemprop=\"url\" href=\"https:\/\/skagenbeds.com\/da\/gallery\/\" target=\"_self\" data-hover-background-color='#193159'  class=\"qbutton  large center default\" style=\"color: #e8e8e8; font-style: normal; font-weight: 600; background-color: #6aabd1;\">Galleri<\/a><\/p>\n<p>[\/vc_column_text][\/vc_column_inner][vc_column_inner][vc_empty_space][\/vc_column_inner][\/vc_row_inner][\/vc_column][\/vc_row]<\/p>\n<\/div>","protected":false},"excerpt":{"rendered":"<p>[vc_row css_animation=&#8221;&#8221; row_type=&#8221;row&#8221; use_row_as_full_screen_section=&#8221;no&#8221; type=&#8221;grid&#8221; angled_section=&#8221;no&#8221; text_align=&#8221;left&#8221; background_image_as_pattern=&#8221;without_pattern&#8221; z_index=&#8221;&#8221; css=&#8221;.vc_custom_1686056379558{margin-top: 70px !important;}&#8221;][vc_column width=&#8221;1\/2&#8243;][vc_single_image image=&#8221;15635&#8243; img_size=&#8221;full&#8221; qode_css_animation=&#8221;&#8221;][vc_empty_space height=&#8221;10&#8243;][vc_single_image image=&#8221;15642&#8243; img_size=&#8221;full&#8221; qode_css_animation=&#8221;&#8221;][\/vc_column][vc_column width=&#8221;1\/2&#8243; css=&#8221;.vc_custom_1686646409928{margin-left: 0px !important;}&#8221;][vc_empty_space height=&#8221;20&#8243;][vc_column_text css=&#8221;.vc_custom_1689169988846{padding-bottom: 30px !important;}&#8221;] Om Skagen Beds [\/vc_column_text][vc_column_text]Hos Skagen Senge mener vi, at en seng skal give den bedste s\u00f8vnkvalitet, holde&#8230;<\/p>\n","protected":false},"author":3,"featured_media":0,"parent":0,"menu_order":0,"comment_status":"closed","ping_status":"closed","template":"full_width.php","meta":{"footnotes":""},"class_list":["post-16765","page","type-page","status-publish","hentry"],"aioseo_notices":[],"_links":{"self":[{"href":"https:\/\/skagenbeds.com\/da\/wp-json\/wp\/v2\/pages\/16765","targetHints":{"allow":["GET"]}}],"collection":[{"href":"https:\/\/skagenbeds.com\/da\/wp-json\/wp\/v2\/pages"}],"about":[{"href":"https:\/\/skagenbeds.com\/da\/wp-json\/wp\/v2\/types\/page"}],"author":[{"embeddable":true,"href":"https:\/\/skagenbeds.com\/da\/wp-json\/wp\/v2\/users\/3"}],"replies":[{"embeddable":true,"href":"https:\/\/skagenbeds.com\/da\/wp-json\/wp\/v2\/comments?post=16765"}],"version-history":[{"count":12,"href":"https:\/\/skagenbeds.com\/da\/wp-json\/wp\/v2\/pages\/16765\/revisions"}],"predecessor-version":[{"id":16777,"href":"https:\/\/skagenbeds.com\/da\/wp-json\/wp\/v2\/pages\/16765\/revisions\/16777"}],"wp:attachment":[{"href":"https:\/\/skagenbeds.com\/da\/wp-json\/wp\/v2\/media?parent=16765"}],"curies":[{"name":"wp","href":"https:\/\/api.w.org\/{rel}","templated":true}]}}