{"id":16714,"date":"2023-06-01T13:33:37","date_gmt":"2023-06-01T11:33:37","guid":{"rendered":"https:\/\/ny.skagenbeds.com\/under-the-cover\/"},"modified":"2023-07-12T14:36:01","modified_gmt":"2023-07-12T12:36:01","slug":"under-the-cover","status":"publish","type":"page","link":"https:\/\/skagenbeds.com\/da\/under-the-cover\/","title":{"rendered":"Liggekomfort"},"content":{"rendered":"<div class=\"wpb-content-wrapper\"><p>[vc_row css_animation=&#8221;&#8221; row_type=&#8221;row&#8221; use_row_as_full_screen_section=&#8221;no&#8221; type=&#8221;full_width&#8221; angled_section=&#8221;no&#8221; text_align=&#8221;left&#8221; background_image_as_pattern=&#8221;without_pattern&#8221; z_index=&#8221;&#8221; background_color=&#8221;#e8e8e8&#8243;][vc_column][vc_empty_space height=&#8221;80&#8243;][vc_column_text]<\/p>\n<h2 style=\"text-align: center;\">Skagen Beds 7 zone system<\/h2>\n<p>[\/vc_column_text][vc_empty_space][vc_single_image image=&#8221;15787&#8243; img_size=&#8221;large&#8221; alignment=&#8221;center&#8221; qode_css_animation=&#8221;&#8221;][vc_empty_space height=&#8221;75&#8243;][vc_row_inner row_type=&#8221;row&#8221; type=&#8221;full_width&#8221; text_align=&#8221;left&#8221; css_animation=&#8221;&#8221;][vc_column_inner width=&#8221;1\/3&#8243;][\/vc_column_inner][vc_column_inner width=&#8221;1\/3&#8243;][vc_column_text]<\/p>\n<h3 style=\"text-align: center;\">Opbygning<\/h3>\n<p style=\"text-align: center;\">Skagen Beds 7-zone komfortsystem yder st\u00f8tte til hele kroppen n\u00e5r du ligger i sengen. Det er madrassens arbejde at st\u00f8tte kroppen, og vi har udviklet vores madrasser med menneskets kropsfigur i tanke. Den zoneinddelte, opdelte madras giver en lige og komfortabel st\u00f8tte som lader skuldre og hofter synke dybere ned i madrassen, mens den vedligeholder en fast st\u00f8tte til taljen. St\u00f8tten er den samme n\u00e5r du ligger p\u00e5 siden, som n\u00e5r du ligger p\u00e5 ryggen.<\/p>\n<p>[\/vc_column_text][\/vc_column_inner][vc_column_inner width=&#8221;1\/3&#8243;][\/vc_column_inner][\/vc_row_inner][vc_empty_space height=&#8221;75&#8243;][\/vc_column][\/vc_row][vc_row css_animation=&#8221;&#8221; row_type=&#8221;row&#8221; use_row_as_full_screen_section=&#8221;no&#8221; type=&#8221;full_width&#8221; angled_section=&#8221;no&#8221; text_align=&#8221;left&#8221; background_image_as_pattern=&#8221;without_pattern&#8221;][vc_column][vc_row_inner row_type=&#8221;row&#8221; type=&#8221;full_width&#8221; text_align=&#8221;left&#8221; css_animation=&#8221;&#8221;][vc_column_inner][\/vc_column_inner][\/vc_row_inner][vc_empty_space height=&#8221;75&#8243;][vc_column_text]<\/p>\n<h2 style=\"text-align: center;\">Boks, Kontinentalseng eller elevation?<\/h2>\n<p>[\/vc_column_text][vc_empty_space height=&#8221;20&#8243;][vc_column_text]<\/p>\n<p style=\"text-align: center;\">Skagen Beds sigter efter at tilbyde s\u00e5 mange muligheder, som der er individuelle pr\u00e6ferencer.<\/p>\n<p>[\/vc_column_text][vc_empty_space height=&#8221;10&#8243;][vc_row_inner row_type=&#8221;row&#8221; type=&#8221;grid&#8221; text_align=&#8221;left&#8221; css_animation=&#8221;&#8221;][vc_column_inner width=&#8221;1\/3&#8243;][vc_single_image image=&#8221;15808&#8243; img_size=&#8221;full&#8221; alignment=&#8221;center&#8221; qode_css_animation=&#8221;&#8221;][vc_column_text]<\/p>\n<h5>Skagen Beds Boksmadrasser<\/h5>\n<p>[\/vc_column_text][vc_empty_space height=&#8221;20&#8243;][vc_column_text]Optimal sovekomfort i mange \u00e5r med et dobbel pocket fjedresystem, vendbar base og op til 7-zonet komfortsystem.[\/vc_column_text][\/vc_column_inner][vc_column_inner width=&#8221;1\/3&#8243;][vc_single_image image=&#8221;15809&#8243; img_size=&#8221;full&#8221; alignment=&#8221;center&#8221; qode_css_animation=&#8221;&#8221;][vc_column_text]<\/p>\n<h5>Skagen Beds Kontinental senge<\/h5>\n<p>[\/vc_column_text][vc_empty_space height=&#8221;20&#8243;][vc_column_text]Fantastisk s\u00f8vn med ekstra trykfordeling og komfort. Kontinentalsengene har en enkelt fjedret pocket i boksbasen og op til 7-zonet komfortsystem i den vendbare basis madras.[\/vc_column_text][\/vc_column_inner][vc_column_inner width=&#8221;1\/3&#8243;][vc_single_image image=&#8221;15810&#8243; img_size=&#8221;full&#8221; alignment=&#8221;center&#8221; qode_css_animation=&#8221;&#8221;][vc_column_text]<\/p>\n<h5>Skagen Beds Elevations senge<\/h5>\n<p>[\/vc_column_text][vc_empty_space height=&#8221;20&#8243;][vc_column_text]Kombinerer den bedste komfort med funktioner, som giver dig nye muligheder. Ved hj\u00e6lp af en tr\u00e5dl\u00f8s fjernbetjening, kan du l\u00f8fte og s\u00e6nke hoved- og bensektionen af sengen. Elevationssengen er en kombination af en Vendbar base med en vendbar madras som kan tilpasses efter dine behov.[\/vc_column_text][\/vc_column_inner][\/vc_row_inner][\/vc_column][\/vc_row][vc_row css_animation=&#8221;&#8221; row_type=&#8221;row&#8221; use_row_as_full_screen_section=&#8221;no&#8221; type=&#8221;full_width&#8221; angled_section=&#8221;no&#8221; text_align=&#8221;left&#8221; background_image_as_pattern=&#8221;without_pattern&#8221;][vc_column][vc_empty_space height=&#8221;80&#8243;][\/vc_column][\/vc_row][vc_row css_animation=&#8221;&#8221; row_type=&#8221;row&#8221; use_row_as_full_screen_section=&#8221;no&#8221; type=&#8221;full_width&#8221; angled_section=&#8221;no&#8221; text_align=&#8221;left&#8221; background_image_as_pattern=&#8221;without_pattern&#8221; z_index=&#8221;&#8221; background_color=&#8221;#dee4ed&#8221;][vc_column][vc_empty_space height=&#8221;80&#8243;][vc_column_text]<\/p>\n<h2 style=\"text-align: center;\">Topmadrasser<\/h2>\n<p>[\/vc_column_text][vc_empty_space][vc_row_inner row_type=&#8221;row&#8221; type=&#8221;grid&#8221; text_align=&#8221;left&#8221; css_animation=&#8221;&#8221;][vc_column_inner width=&#8221;1\/2&#8243;][vc_single_image image=&#8221;16454&#8243; img_size=&#8221;full&#8221; alignment=&#8221;center&#8221; qode_css_animation=&#8221;&#8221;][\/vc_column_inner][vc_column_inner width=&#8221;1\/2&#8243;][vc_column_text]Den rigtige topmadras g\u00f8r en god nats s\u00f8vn endnu bedre. Topmadrassen b\u00f8r f\u00f8les accepterende, bl\u00f8d og samtidig tillade 7-zone komfortsystemet at give den n\u00f8dvendige st\u00f8tte, for at f\u00e5 dig til at f\u00f8le dig afslappet.<\/p>\n<p>Skagen Beds\u2019 topmadrasser er luksuri\u00f8se og bl\u00f8de, med forskellige egenskaber afh\u00e6ngig af hvilket skum og tekstiler der v\u00e6lges. Alle Skagen Beds\u2019 topmadrasser kan vaskes ved 60\u00b0C.<br \/>\nTopmadrasserne er tilg\u00e6ngelige i mange forskellige st\u00f8rrelser og tykkelser, med en bred selektion af \u201dkerner\u201d og tekstiler.<\/p>\n<p><strong>\u201dNaturlatex\u201d<\/strong> er meget popul\u00e6r og indeholder mere end 90% flydende latex. Gennem dens \u00e5bne cellestruktur, ikke-allergiske, naturlige latex, er den ideel til at absorbere den fugtighed som kroppen frigiver naturligt i l\u00f8bet af natten.<\/p>\n<p>Den delte topmadras er udviklet specifikt til justerbare seng, til dem som \u00f8nsker en topmadras i fuld st\u00f8rrelse uden en forbindelse i midten af sengen. Den \u00f8verste del af madrassen er splittet, hvilket tillader sengens \u00f8verste del at blive h\u00e6vet og s\u00e6nket uden at genere din partner.[\/vc_column_text][\/vc_column_inner][\/vc_row_inner][vc_empty_space height=&#8221;80&#8243;][vc_column_text]<\/p>\n<h3 style=\"text-align: center;\">Fyld<\/h3>\n<p>[\/vc_column_text][vc_empty_space][vc_row_inner row_type=&#8221;row&#8221; type=&#8221;grid&#8221; text_align=&#8221;left&#8221; css_animation=&#8221;&#8221;][vc_column_inner width=&#8221;1\/6&#8243;][vc_single_image image=&#8221;16421&#8243; img_size=&#8221;full&#8221; alignment=&#8221;center&#8221; style=&#8221;vc_box_circle_2&#8243; qode_css_animation=&#8221;&#8221;][vc_empty_space height=&#8221;25&#8243;][vc_column_text]<\/p>\n<h5 style=\"text-align: center;\">Basic<\/h5>\n<p>[\/vc_column_text][\/vc_column_inner][vc_column_inner width=&#8221;1\/6&#8243;][vc_single_image image=&#8221;16426&#8243; img_size=&#8221;full&#8221; alignment=&#8221;center&#8221; style=&#8221;vc_box_circle_2&#8243; qode_css_animation=&#8221;&#8221;][vc_empty_space height=&#8221;25&#8243;][vc_column_text]<\/p>\n<h5 style=\"text-align: center;\">Comfort<\/h5>\n<p>[\/vc_column_text][\/vc_column_inner][vc_column_inner width=&#8221;1\/6&#8243;][vc_single_image image=&#8221;16431&#8243; img_size=&#8221;full&#8221; alignment=&#8221;center&#8221; style=&#8221;vc_box_circle_2&#8243; qode_css_animation=&#8221;&#8221;][vc_empty_space height=&#8221;25&#8243;][vc_column_text]<\/p>\n<h5 style=\"text-align: center;\">Memory-Visco<\/h5>\n<p>[\/vc_column_text][\/vc_column_inner][vc_column_inner width=&#8221;1\/6&#8243;][vc_single_image image=&#8221;16436&#8243; img_size=&#8221;full&#8221; alignment=&#8221;center&#8221; style=&#8221;vc_box_circle_2&#8243; qode_css_animation=&#8221;&#8221;][vc_empty_space height=&#8221;25&#8243;][vc_column_text]<\/p>\n<h5 style=\"text-align: center;\">Smart-Gel<\/h5>\n<p>[\/vc_column_text][\/vc_column_inner][vc_column_inner width=&#8221;1\/6&#8243;][vc_single_image image=&#8221;16441&#8243; img_size=&#8221;full&#8221; alignment=&#8221;center&#8221; style=&#8221;vc_box_circle_2&#8243; qode_css_animation=&#8221;&#8221;][vc_empty_space height=&#8221;25&#8243;][vc_column_text]<\/p>\n<h5 style=\"text-align: center;\">Latex<\/h5>\n<p>[\/vc_column_text][\/vc_column_inner][vc_column_inner width=&#8221;1\/6&#8243;][vc_single_image image=&#8221;16446&#8243; img_size=&#8221;full&#8221; alignment=&#8221;center&#8221; style=&#8221;vc_box_circle_2&#8243; qode_css_animation=&#8221;&#8221;][vc_empty_space height=&#8221;25&#8243;][vc_column_text]<\/p>\n<h5 style=\"text-align: center;\">Natural Latex<\/h5>\n<p>[\/vc_column_text][\/vc_column_inner][\/vc_row_inner][vc_empty_space height=&#8221;80&#8243;][\/vc_column][\/vc_row]<\/p>\n<\/div>","protected":false},"excerpt":{"rendered":"<p>[vc_row css_animation=&#8221;&#8221; row_type=&#8221;row&#8221; use_row_as_full_screen_section=&#8221;no&#8221; type=&#8221;full_width&#8221; angled_section=&#8221;no&#8221; text_align=&#8221;left&#8221; background_image_as_pattern=&#8221;without_pattern&#8221; z_index=&#8221;&#8221; background_color=&#8221;#e8e8e8&#8243;][vc_column][vc_empty_space height=&#8221;80&#8243;][vc_column_text] Skagen Beds 7 zone system [\/vc_column_text][vc_empty_space][vc_single_image image=&#8221;15787&#8243; img_size=&#8221;large&#8221; alignment=&#8221;center&#8221; qode_css_animation=&#8221;&#8221;][vc_empty_space height=&#8221;75&#8243;][vc_row_inner row_type=&#8221;row&#8221; type=&#8221;full_width&#8221; text_align=&#8221;left&#8221; css_animation=&#8221;&#8221;][vc_column_inner width=&#8221;1\/3&#8243;][\/vc_column_inner][vc_column_inner width=&#8221;1\/3&#8243;][vc_column_text] Opbygning Skagen Beds 7-zone komfortsystem yder st\u00f8tte til hele kroppen n\u00e5r du ligger i sengen. Det er&#8230;<\/p>\n","protected":false},"author":3,"featured_media":0,"parent":0,"menu_order":0,"comment_status":"closed","ping_status":"closed","template":"full_width.php","meta":{"footnotes":""},"class_list":["post-16714","page","type-page","status-publish","hentry"],"aioseo_notices":[],"_links":{"self":[{"href":"https:\/\/skagenbeds.com\/da\/wp-json\/wp\/v2\/pages\/16714","targetHints":{"allow":["GET"]}}],"collection":[{"href":"https:\/\/skagenbeds.com\/da\/wp-json\/wp\/v2\/pages"}],"about":[{"href":"https:\/\/skagenbeds.com\/da\/wp-json\/wp\/v2\/types\/page"}],"author":[{"embeddable":true,"href":"https:\/\/skagenbeds.com\/da\/wp-json\/wp\/v2\/users\/3"}],"replies":[{"embeddable":true,"href":"https:\/\/skagenbeds.com\/da\/wp-json\/wp\/v2\/comments?post=16714"}],"version-history":[{"count":12,"href":"https:\/\/skagenbeds.com\/da\/wp-json\/wp\/v2\/pages\/16714\/revisions"}],"predecessor-version":[{"id":16764,"href":"https:\/\/skagenbeds.com\/da\/wp-json\/wp\/v2\/pages\/16714\/revisions\/16764"}],"wp:attachment":[{"href":"https:\/\/skagenbeds.com\/da\/wp-json\/wp\/v2\/media?parent=16714"}],"curies":[{"name":"wp","href":"https:\/\/api.w.org\/{rel}","templated":true}]}}