{"id":16659,"date":"2014-05-20T07:51:11","date_gmt":"2014-05-20T05:51:11","guid":{"rendered":"https:\/\/ny.skagenbeds.com\/home\/"},"modified":"2023-07-11T13:43:25","modified_gmt":"2023-07-11T11:43:25","slug":"home","status":"publish","type":"page","link":"https:\/\/skagenbeds.com\/da\/","title":{"rendered":"Home"},"content":{"rendered":"<div class=\"wpb-content-wrapper\"><p>[vc_row css_animation=&#8221;&#8221; row_type=&#8221;row&#8221; use_row_as_full_screen_section=&#8221;no&#8221; type=&#8221;grid&#8221; angled_section=&#8221;no&#8221; text_align=&#8221;left&#8221; background_image_as_pattern=&#8221;without_pattern&#8221; padding_top=&#8221;119&#8243; background_color=&#8221;#ffffff&#8221; padding_bottom=&#8221;34&#8243;][vc_column][vc_row_inner row_type=&#8221;row&#8221; type=&#8221;full_width&#8221; text_align=&#8221;left&#8221; css_animation=&#8221;&#8221;][vc_column_inner width=&#8221;1\/4&#8243;]<div class='q_icon_with_title medium normal_icon center '><div class=\"icon_holder \" style=\"margin: 0 0 32px 0; \"><span data-icon-type=\"normal\"  data-icon-hover-color=\"#6aabd1\" style=\"font-size: 35px;\" class=\"qode_iwt_icon_holder q_font_awsome_icon fa-3x  \"><span aria-hidden=\"true\" class=\"qode_icon_font_elegant icon_lightbulb qode_iwt_icon_element\" style=\"color: #193159;\" ><\/span><\/span><\/div><div class=\"icon_text_holder\" style=\"\"><div class=\"icon_text_inner\" style=\"\"><h5 class=\"icon_title\" style=\"\">Danish design<\/h5><p style=''>Skagen Beds er udviklede i Danmark og produceret i vores egne fabrikker, hvor vi researcher, udvikler og producerer efter h\u00f8je standarder.<\/p><\/div><\/div><\/div>[vc_separator type=&#8221;transparent&#8221; up=&#8221;48&#8243; down=&#8221;0&#8243;][\/vc_column_inner][vc_column_inner width=&#8221;1\/4&#8243;]<div class='q_icon_with_title medium normal_icon center '><div class=\"icon_holder \" style=\"margin: 0 0 32px 0; \"><span data-icon-type=\"normal\"  data-icon-hover-color=\"#6aabd1\" style=\"font-size: 35px;\" class=\"qode_iwt_icon_holder q_font_awsome_icon fa-3x  \"><span aria-hidden=\"true\" class=\"qode_icon_font_elegant icon_heart qode_iwt_icon_element\" style=\"color: #193159;\" ><\/span><\/span><\/div><div class=\"icon_text_holder\" style=\"\"><div class=\"icon_text_inner\" style=\"\"><h5 class=\"icon_title\" style=\"\">F\u00f8rste klasses komfort<\/h5><p style=''>7-zone systemet giver en perfekt st\u00f8tte til hele kroppen, til b\u00e5de afslapning og s\u00f8vn. Dette skaber en helt unik soveoplevelse, for hj\u00e6lpe dig med v\u00e5gne parat til dagen forude..<\/p><\/div><\/div><\/div>[vc_separator type=&#8221;transparent&#8221; up=&#8221;48&#8243; down=&#8221;0&#8243;][\/vc_column_inner][vc_column_inner width=&#8221;1\/4&#8243;]<div class='q_icon_with_title medium normal_icon center '><div class=\"icon_holder \" style=\"margin: 0 0 32px 0; \"><span data-icon-type=\"normal\"  data-icon-hover-color=\"#6aabd1\" style=\"font-size: 35px;\" class=\"qode_iwt_icon_holder q_font_awsome_icon fa-3x  \"><span aria-hidden=\"true\" class=\"qode_icon_font_elegant icon_puzzle_alt qode_iwt_icon_element\" style=\"color: #193159;\" ><\/span><\/span><\/div><div class=\"icon_text_holder\" style=\"\"><div class=\"icon_text_inner\" style=\"\"><h5 class=\"icon_title\" style=\"\">Mange muligheder<\/h5><p style=''>Med Skagen Beds kan du designe din helt egen seng, med et bredt udvalg af sengegavle, tekstiler, l\u00e6der, ben og tilbeh\u00f8r.<\/p><\/div><\/div><\/div>[vc_separator type=&#8221;transparent&#8221; up=&#8221;48&#8243; down=&#8221;0&#8243;][\/vc_column_inner][vc_column_inner width=&#8221;1\/4&#8243;]<div class='q_icon_with_title medium normal_icon center '><div class=\"icon_holder \" style=\"margin: 0 0 32px 0; \"><span data-icon-type=\"normal\"  data-icon-hover-color=\"#6aabd1\" style=\"font-size: 35px;\" class=\"qode_iwt_icon_holder q_font_awsome_icon fa-3x  \"><span aria-hidden=\"true\" class=\"qode_icon_font_elegant icon_ribbon qode_iwt_icon_element\" style=\"color: #193159;\" ><\/span><\/span><\/div><div class=\"icon_text_holder\" style=\"\"><div class=\"icon_text_inner\" style=\"\"><h5 class=\"icon_title\" style=\"\">Garanti<\/h5><p style=''>Vores elevationssenge tilbyder en af de st\u00e6rkeste motorer p\u00e5 markedet, med fem \u00e5rs garanti.<\/p><\/div><\/div><\/div>[vc_separator type=&#8221;transparent&#8221; up=&#8221;48&#8243; down=&#8221;0&#8243;][\/vc_column_inner][\/vc_row_inner][\/vc_column][\/vc_row][vc_row css_animation=&#8221;&#8221; row_type=&#8221;row&#8221; use_row_as_full_screen_section=&#8221;no&#8221; type=&#8221;grid&#8221; angled_section=&#8221;no&#8221; text_align=&#8221;center&#8221; background_image_as_pattern=&#8221;without_pattern&#8221; padding_top=&#8221;85&#8243; padding_bottom=&#8221;56&#8243; background_color=&#8221;#dee4ed&#8221; z_index=&#8221;&#8221;][vc_column][vc_column_text]<\/p>\n<h2 style=\"text-align: center;\">Inspireret af naturen<\/h2>\n<p>[\/vc_column_text][vc_separator type=&#8221;transparent&#8221; up=&#8221;20&#8243; down=&#8221;0&#8243;][vc_column_text css=&#8221;.vc_custom_1685621215736{padding-right: 19% !important;padding-left: 19% !important;}&#8221;]<\/p>\n<h4 style=\"text-align: center;\">Naturen forst\u00e6rker vores sanser, og hj\u00e6lper os med at slappe af og afstresse. Med Skagen Beds kan du skabe en oase af ro med naturlige materialer og moderne komfort.<\/h4>\n<p>[\/vc_column_text][\/vc_column][\/vc_row][vc_row css_animation=&#8221;&#8221; row_type=&#8221;row&#8221; use_row_as_full_screen_section=&#8221;no&#8221; type=&#8221;grid&#8221; angled_section=&#8221;no&#8221; text_align=&#8221;left&#8221; background_image_as_pattern=&#8221;without_pattern&#8221; padding_top=&#8221;58&#8243; padding_bottom=&#8221;60&#8243; background_color=&#8221;#dee4ed&#8221; z_index=&#8221;&#8221; css=&#8221;.vc_custom_1685624732523{margin-top: -50px !important;}&#8221;][vc_column][vc_raw_html]PGRpdiBzdHlsZT0icG9zaXRpb246IHJlbGF0aXZlOyBwYWRkaW5nLWJvdHRvbTogNTYuMjUlOyBvdmVyZmxvdzogaGlkZGVuOyI+PGlmcmFtZSBzdHlsZT0icG9zaXRpb246IGFic29sdXRlOyIgc3JjPSJodHRwczovL2Nkbi5qd3BsYXllci5jb20vcGxheWVycy9YYXRkS29SZS1yZXNIaVhLby5odG1sIiB3aWR0aD0iMTAwJSIgaGVpZ2h0PSIxMDAlIiBmcmFtZWJvcmRlcj0iMCIgc2Nyb2xsaW5nPSJhdXRvIiBhbGxvd2Z1bGxzY3JlZW49ImFsbG93ZnVsbHNjcmVlbiI+PC9pZnJhbWU+PC9kaXY+[\/vc_raw_html][vc_empty_space height=&#8221;65&#8243;][vc_row_inner row_type=&#8221;row&#8221; type=&#8221;full_width&#8221; text_align=&#8221;left&#8221; css_animation=&#8221;&#8221;][vc_column_inner width=&#8221;1\/2&#8243;][vc_column_text css=&#8221;.vc_custom_1685623739851{padding-right: 5px !important;}&#8221;]<\/p>\n<h5 style=\"text-align: center;\">Design din egen seng<\/h5>\n<h4 style=\"text-align: center;\">Skagen Beds-programmet er lavet for at v\u00e6re ekstremt fleksibelt. Det er muligt at designe din egen seng gennem en bredt udvalg af farver, tekstiler, l\u00e6dere, ben, sengegavle, topmadrasser, baser og indbyggede funktioner.<\/h4>\n<p>[\/vc_column_text][\/vc_column_inner][vc_column_inner width=&#8221;1\/2&#8243;][vc_column_text]<\/p>\n<h5 style=\"text-align: center;\">Kort sagt<\/h5>\n<h4 style=\"text-align: center;\">Hvis du v\u00e6lger en kontinental- eller en elevationsseng fra Skagen Beds, vil du opleve ultimativ komfort med 7-zone systemet, som tilpasser sig til din krop. Med de mange muligheder for madrasser og topmadrasser, kan du v\u00e6lge den kombination, der passer dig bedst.<\/h4>\n<p>[\/vc_column_text][\/vc_column_inner][\/vc_row_inner][\/vc_column][\/vc_row][vc_row css_animation=&#8221;&#8221; row_type=&#8221;row&#8221; use_row_as_full_screen_section=&#8221;no&#8221; type=&#8221;full_width&#8221; angled_section=&#8221;no&#8221; text_align=&#8221;left&#8221; background_image_as_pattern=&#8221;without_pattern&#8221; z_index=&#8221;&#8221; background_image=&#8221;15553&#8243;][vc_column]<div class='qode_carousels_holder clearfix'><div class='qode_carousels' data-number-of-visible-items='4'><ul class='slides'><li class='item'><div class=\"carousel_item_holder\"><span class='first_image_holder '><img decoding=\"async\" itemprop=\"image\" src=\"https:\/\/skagenbeds.com\/wp-content\/uploads\/2023\/06\/H076_200LO_BS02_180x200_TOPC_3541_L4MO2_3L8K5_4398012_01.png\" alt=\"carousel image\" \/><\/span><\/div><\/li><li class='item'><div class=\"carousel_item_holder\"><span class='first_image_holder '><img decoding=\"async\" itemprop=\"image\" src=\"https:\/\/skagenbeds.com\/wp-content\/uploads\/2023\/06\/H085_160LO_BX11_160x200x80_3110_L400_DD_KT_06.png\" alt=\"carousel image\" \/><\/span><\/div><\/li><li class='item'><div class=\"carousel_item_holder\"><span class='first_image_holder '><img decoding=\"async\" itemprop=\"image\" src=\"https:\/\/skagenbeds.com\/wp-content\/uploads\/2023\/06\/H089_180LO_BSO1_1B24_1M17_F21M03_x2_TOPE_180x200_2147_0I5K_3702699_01.png\" alt=\"carousel image\" \/><\/span><\/div><\/li><li class='item'><div class=\"carousel_item_holder\"><span class='first_image_holder '><img decoding=\"async\" itemprop=\"image\" src=\"https:\/\/skagenbeds.com\/wp-content\/uploads\/2023\/06\/H152_MEx200_BX32C90x200x44x2_TOPA180x200x5_3127_DD_01.png\" alt=\"carousel image\" \/><\/span><\/div><\/li><li class='item'><div class=\"carousel_item_holder\"><span class='first_image_holder '><img decoding=\"async\" itemprop=\"image\" src=\"https:\/\/skagenbeds.com\/wp-content\/uploads\/2023\/06\/H150_MEx200_BX32C90x200x44x2_MC180x200x17NZHFL_TOPA180x200x5_3127_DD_08.png\" alt=\"carousel image\" \/><\/span><\/div><\/li><li class='item'><div class=\"carousel_item_holder\"><span class='first_image_holder '><img decoding=\"async\" itemprop=\"image\" src=\"https:\/\/skagenbeds.com\/wp-content\/uploads\/2023\/06\/H050_120x190_BX02C90x200x32_x2_M90x200x21_x2_T180x200x10_2852_DD_9_KF19_06.png\" alt=\"carousel image\" \/><\/span><\/div><\/li><li class='item'><div class=\"carousel_item_holder\"><span class='first_image_holder '><img decoding=\"async\" itemprop=\"image\" src=\"https:\/\/skagenbeds.com\/wp-content\/uploads\/2023\/06\/H021_STING_180x200_22_2140_SPACE_BOX_DE_06.png\" alt=\"carousel image\" \/><\/span><\/div><\/li><li class='item'><div class=\"carousel_item_holder\"><span class='first_image_holder '><img decoding=\"async\" itemprop=\"image\" src=\"https:\/\/skagenbeds.com\/wp-content\/uploads\/2023\/06\/H040_180x200_2910_0K7A_2910_SET_6_02.png\" alt=\"carousel image\" \/><\/span><\/div><\/li><li class='item'><div class=\"carousel_item_holder\"><span class='first_image_holder '><img decoding=\"async\" itemprop=\"image\" src=\"https:\/\/skagenbeds.com\/wp-content\/uploads\/2023\/06\/H033_180_BS02_F13M10_26501_1A6K_TOPE_3216247_08.png\" alt=\"carousel image\" \/><\/span><\/div><\/li><li class='item'><div class=\"carousel_item_holder\"><span class='first_image_holder '><img decoding=\"async\" itemprop=\"image\" src=\"https:\/\/skagenbeds.com\/wp-content\/uploads\/2023\/06\/H046_180LO_BX01C90x200x23_MC180x200x21BPF_3120_L4_2793512_QS_01.png\" alt=\"carousel image\" \/><\/span><\/div><\/li><li class='item'><div class=\"carousel_item_holder\"><span class='first_image_holder '><img decoding=\"async\" itemprop=\"image\" src=\"https:\/\/skagenbeds.com\/wp-content\/uploads\/2023\/06\/H011_BED_DK_1_28502_098G_DD_01.png\" alt=\"carousel image\" \/><\/span><\/div><\/li><li class='item'><div class=\"carousel_item_holder\"><span class='first_image_holder '><img decoding=\"async\" itemprop=\"image\" src=\"https:\/\/skagenbeds.com\/wp-content\/uploads\/2023\/06\/H018_180LO_BS01_180x200_2B23_1M21_098K_3702699_02.png\" alt=\"carousel image\" \/><\/span><\/div><\/li><li class='item'><div class=\"carousel_item_holder\"><span class='first_image_holder '><img decoding=\"async\" itemprop=\"image\" src=\"https:\/\/skagenbeds.com\/wp-content\/uploads\/2023\/06\/H006_180LO_BS01_1B26_1M21_ELx2_2650-1_0H2V3_3580066_02.png\" alt=\"carousel image\" \/><\/span><\/div><\/li><li class='item'><div class=\"carousel_item_holder\"><span class='first_image_holder '><img decoding=\"async\" itemprop=\"image\" src=\"https:\/\/skagenbeds.com\/wp-content\/uploads\/2023\/06\/H028_120x190_BX01C90x200x20_x2_M180x200x21_T180x200x10_2836_DD_03_KF19_01.png\" alt=\"carousel image\" \/><\/span><\/div><\/li><li class='item'><div class=\"carousel_item_holder\"><span class='first_image_holder '><img decoding=\"async\" itemprop=\"image\" src=\"https:\/\/skagenbeds.com\/wp-content\/uploads\/2023\/06\/H085_160LO_BX11_160x200x80_3110_L400_DD_KT_06.png\" alt=\"carousel image\" \/><\/span><\/div><\/li><li class='item'><div class=\"carousel_item_holder\"><span class='first_image_holder '><img decoding=\"async\" itemprop=\"image\" src=\"https:\/\/skagenbeds.com\/wp-content\/uploads\/2023\/06\/H027_180LO_BX01C90x200x23_MC180x200x21BPF_3120_L4_2793512_QS_01.png\" alt=\"carousel image\" \/><\/span><\/div><\/li><li class='item'><div class=\"carousel_item_holder\"><span class='first_image_holder '><img decoding=\"async\" itemprop=\"image\" src=\"https:\/\/skagenbeds.com\/wp-content\/uploads\/2023\/06\/H081_160LO167_BS07_160x200_3110_L4_0K5K_3064423_01.png\" alt=\"carousel image\" \/><\/span><\/div><\/li><\/ul><\/div><\/div>[\/vc_column][\/vc_row][vc_row css_animation=&#8221;&#8221; row_type=&#8221;row&#8221; use_row_as_full_screen_section=&#8221;no&#8221; type=&#8221;grid&#8221; angled_section=&#8221;no&#8221; text_align=&#8221;left&#8221; background_image_as_pattern=&#8221;without_pattern&#8221; z_index=&#8221;&#8221;][vc_column][\/vc_column][\/vc_row]<\/p>\n<\/div>","protected":false},"excerpt":{"rendered":"<p>[vc_row css_animation=&#8221;&#8221; row_type=&#8221;row&#8221; use_row_as_full_screen_section=&#8221;no&#8221; type=&#8221;grid&#8221; angled_section=&#8221;no&#8221; text_align=&#8221;left&#8221; background_image_as_pattern=&#8221;without_pattern&#8221; padding_top=&#8221;119&#8243; background_color=&#8221;#ffffff&#8221; padding_bottom=&#8221;34&#8243;][vc_column][vc_row_inner row_type=&#8221;row&#8221; type=&#8221;full_width&#8221; text_align=&#8221;left&#8221; css_animation=&#8221;&#8221;][vc_column_inner width=&#8221;1\/4&#8243;][vc_separator type=&#8221;transparent&#8221; up=&#8221;48&#8243; down=&#8221;0&#8243;][\/vc_column_inner][vc_column_inner width=&#8221;1\/4&#8243;][vc_separator type=&#8221;transparent&#8221; up=&#8221;48&#8243; down=&#8221;0&#8243;][\/vc_column_inner][vc_column_inner width=&#8221;1\/4&#8243;][vc_separator type=&#8221;transparent&#8221; up=&#8221;48&#8243; down=&#8221;0&#8243;][\/vc_column_inner][vc_column_inner width=&#8221;1\/4&#8243;][vc_separator type=&#8221;transparent&#8221; up=&#8221;48&#8243; down=&#8221;0&#8243;][\/vc_column_inner][\/vc_row_inner][\/vc_column][\/vc_row][vc_row css_animation=&#8221;&#8221; row_type=&#8221;row&#8221; use_row_as_full_screen_section=&#8221;no&#8221; type=&#8221;grid&#8221; angled_section=&#8221;no&#8221; text_align=&#8221;center&#8221; background_image_as_pattern=&#8221;without_pattern&#8221; padding_top=&#8221;85&#8243; padding_bottom=&#8221;56&#8243; background_color=&#8221;#dee4ed&#8221; z_index=&#8221;&#8221;][vc_column][vc_column_text] Inspireret af naturen&#8230;<\/p>\n","protected":false},"author":3,"featured_media":0,"parent":0,"menu_order":0,"comment_status":"open","ping_status":"open","template":"full_width.php","meta":{"footnotes":""},"class_list":["post-16659","page","type-page","status-publish","hentry"],"aioseo_notices":[],"_links":{"self":[{"href":"https:\/\/skagenbeds.com\/da\/wp-json\/wp\/v2\/pages\/16659","targetHints":{"allow":["GET"]}}],"collection":[{"href":"https:\/\/skagenbeds.com\/da\/wp-json\/wp\/v2\/pages"}],"about":[{"href":"https:\/\/skagenbeds.com\/da\/wp-json\/wp\/v2\/types\/page"}],"author":[{"embeddable":true,"href":"https:\/\/skagenbeds.com\/da\/wp-json\/wp\/v2\/users\/3"}],"replies":[{"embeddable":true,"href":"https:\/\/skagenbeds.com\/da\/wp-json\/wp\/v2\/comments?post=16659"}],"version-history":[{"count":2,"href":"https:\/\/skagenbeds.com\/da\/wp-json\/wp\/v2\/pages\/16659\/revisions"}],"predecessor-version":[{"id":16661,"href":"https:\/\/skagenbeds.com\/da\/wp-json\/wp\/v2\/pages\/16659\/revisions\/16661"}],"wp:attachment":[{"href":"https:\/\/skagenbeds.com\/da\/wp-json\/wp\/v2\/media?parent=16659"}],"curies":[{"name":"wp","href":"https:\/\/api.w.org\/{rel}","templated":true}]}}