{"id":16595,"date":"2023-06-01T13:33:19","date_gmt":"2023-06-01T11:33:19","guid":{"rendered":"https:\/\/ny.skagenbeds.com\/design-your-own-bed\/"},"modified":"2023-07-12T13:14:51","modified_gmt":"2023-07-12T11:14:51","slug":"design-your-own-bed","status":"publish","type":"page","link":"https:\/\/skagenbeds.com\/da\/design-your-own-bed\/","title":{"rendered":"Design din egen seng"},"content":{"rendered":"<div class=\"wpb-content-wrapper\"><p>[vc_row css_animation=&#8221;&#8221; row_type=&#8221;row&#8221; use_row_as_full_screen_section=&#8221;no&#8221; type=&#8221;full_width&#8221; angled_section=&#8221;no&#8221; text_align=&#8221;left&#8221; background_image_as_pattern=&#8221;without_pattern&#8221;][vc_column][vc_empty_space height=&#8221;70&#8243;][\/vc_column][\/vc_row][vc_row css_animation=&#8221;&#8221; row_type=&#8221;row&#8221; use_row_as_full_screen_section=&#8221;no&#8221; type=&#8221;grid&#8221; angled_section=&#8221;no&#8221; text_align=&#8221;left&#8221; background_image_as_pattern=&#8221;without_pattern&#8221; z_index=&#8221;&#8221;][vc_column][vc_column_text]<\/p>\n<h5 style=\"text-align: center;\">Med Skagen Beds kan du s\u00e6tte dit helt eget pr\u00e6g p\u00e5 din kommende seng og sammens\u00e6tte en l\u00f8sning, der passer til dig, dit s\u00f8vnbehov og dit sovev\u00e6relse.<\/h5>\n<p>[\/vc_column_text][\/vc_column][\/vc_row][vc_row css_animation=&#8221;&#8221; row_type=&#8221;row&#8221; use_row_as_full_screen_section=&#8221;no&#8221; type=&#8221;full_width&#8221; angled_section=&#8221;no&#8221; text_align=&#8221;left&#8221; background_image_as_pattern=&#8221;without_pattern&#8221;][vc_column][vc_empty_space height=&#8221;70&#8243;][\/vc_column][\/vc_row][vc_row css_animation=&#8221;&#8221; row_type=&#8221;row&#8221; use_row_as_full_screen_section=&#8221;no&#8221; type=&#8221;grid&#8221; angled_section=&#8221;no&#8221; text_align=&#8221;left&#8221; background_image_as_pattern=&#8221;without_pattern&#8221; z_index=&#8221;&#8221; background_color=&#8221;#ffffff&#8221;][vc_column][vc_column_text]<\/p>\n<h2 style=\"text-align: center;\">Et ocean af farver<\/h2>\n<p>[\/vc_column_text][vc_empty_space height=&#8221;50&#8243;][vc_gallery type=&#8221;flexslider_slide&#8221; interval=&#8221;5&#8243; images=&#8221;16394,16399,16404&#8243; img_size=&#8221;full&#8221; onclick=&#8221;&#8221;][vc_empty_space height=&#8221;70&#8243;][\/vc_column][\/vc_row][vc_row css_animation=&#8221;&#8221; row_type=&#8221;row&#8221; use_row_as_full_screen_section=&#8221;no&#8221; type=&#8221;grid&#8221; angled_section=&#8221;no&#8221; text_align=&#8221;left&#8221; background_image_as_pattern=&#8221;without_pattern&#8221; z_index=&#8221;&#8221;][vc_column width=&#8221;1\/3&#8243;][vc_gallery type=&#8221;flexslider_slide&#8221; interval=&#8221;3&#8243; images=&#8221;15746,15744,15745,15742,15743,15740,15741,15738,15739,15737&#8243; img_size=&#8221;401&#215;280&#8243; onclick=&#8221;&#8221; direction_nav=&#8221;no&#8221; control_nav=&#8221;no&#8221; frame=&#8221;no&#8221;][vc_column_text]<\/p>\n<h3>Sengegavle<\/h3>\n<p>[\/vc_column_text][vc_empty_space height=&#8221;20&#8243;][vc_column_text]Skagen Beds har en stor kollektion af forskellige sengegavl \u2013 b\u00e5de til v\u00e6g- og direkte montering.<\/p>\n<p>V\u00e6lg fra et bredt udvalg af tekstiler, eller fra et sortiment af bl\u00f8dt og holdbart l\u00e6der.<\/p>\n<p>Se mulighederne hos din Skagen Beds forhandler.[\/vc_column_text][vc_empty_space height=&#8221;20&#8243;][\/vc_column][vc_column width=&#8221;1\/3&#8243;][vc_single_image image=&#8221;15752&#8243; img_size=&#8221;401&#215;280&#8243; alignment=&#8221;center&#8221; qode_css_animation=&#8221;&#8221;][vc_empty_space height=&#8221;60&#8243;][vc_column_text]<\/p>\n<h3>Ben<\/h3>\n<p>[\/vc_column_text][vc_empty_space height=&#8221;20&#8243;][vc_column_text]Prikken over i\u2019et er stilrene sengeben. V\u00e6lg mellem st\u00e5l, tr\u00e6 i ubehandlet b\u00f8g, eller olieret egetr\u00e6. Der er ogs\u00e5 mange andre muligheder.[\/vc_column_text][vc_empty_space height=&#8221;20&#8243;][\/vc_column][vc_column width=&#8221;1\/3&#8243;][vc_single_image image=&#8221;15759&#8243; img_size=&#8221;401&#215;280&#8243; alignment=&#8221;center&#8221; qode_css_animation=&#8221;&#8221;][vc_empty_space height=&#8221;60&#8243;][vc_column_text]<\/p>\n<h3>Tekstil eller l\u00e6der<\/h3>\n<p>[\/vc_column_text][vc_empty_space height=&#8221;20&#8243;][vc_column_text]Skagen Beds har et stort udvalg af tekstiler og forskellige l\u00e6derkvaliteter der er perfekte til dit sovev\u00e6relse \u2013 valget er dit!<\/p>\n<p>Se mulighederne hos din Skagen Beds forhandler.[\/vc_column_text][vc_empty_space height=&#8221;20&#8243;][\/vc_column][\/vc_row][vc_row css_animation=&#8221;&#8221; row_type=&#8221;row&#8221; use_row_as_full_screen_section=&#8221;no&#8221; type=&#8221;full_width&#8221; angled_section=&#8221;no&#8221; text_align=&#8221;left&#8221; background_image_as_pattern=&#8221;without_pattern&#8221;][vc_column][vc_empty_space height=&#8221;100&#8243;][\/vc_column][\/vc_row][vc_row css_animation=&#8221;&#8221; row_type=&#8221;row&#8221; use_row_as_full_screen_section=&#8221;no&#8221; type=&#8221;grid&#8221; angled_section=&#8221;no&#8221; text_align=&#8221;left&#8221; background_image_as_pattern=&#8221;without_pattern&#8221; z_index=&#8221;&#8221;][vc_column width=&#8221;1\/3&#8243;][vc_single_image image=&#8221;15775&#8243; img_size=&#8221;401&#215;280&#8243; alignment=&#8221;center&#8221; qode_css_animation=&#8221;&#8221;][vc_empty_space height=&#8221;60&#8243;][vc_column_text]<\/p>\n<h3>Opbevaring<\/h3>\n<p>[\/vc_column_text][vc_empty_space height=&#8221;20&#8243;][vc_column_text]Boxmadrasser f\u00e5s med opbevaringsplads under sengen, s\u00e5 du nemt kan l\u00e6gge senget\u00f8j, t\u00e6pper og puder v\u00e6k.[\/vc_column_text][vc_empty_space height=&#8221;20&#8243;][\/vc_column][vc_column width=&#8221;1\/3&#8243;][vc_gallery interval=&#8221;3&#8243; images=&#8221;15781,15782&#8243; img_size=&#8221;401&#215;280&#8243; onclick=&#8221;&#8221; direction_nav=&#8221;no&#8221; control_nav=&#8221;no&#8221;][vc_column_text]<\/p>\n<h3>Tilbeh\u00f8r<\/h3>\n<p>[\/vc_column_text][vc_empty_space height=&#8221;20&#8243;][vc_column_text]Vi har udviklet et tilbeh\u00f8rsprogram best\u00e5ende af sengeborde og skamler.[\/vc_column_text][vc_empty_space height=&#8221;20&#8243;][\/vc_column][vc_column width=&#8221;1\/3&#8243;][vc_single_image image=&#8221;15784&#8243; img_size=&#8221;401&#215;280&#8243; alignment=&#8221;center&#8221; qode_css_animation=&#8221;&#8221;][vc_empty_space height=&#8221;60&#8243;][vc_column_text]<\/p>\n<h3>De sm\u00e5 detaljer<\/h3>\n<p>[\/vc_column_text][vc_empty_space height=&#8221;20&#8243;][vc_column_text]Hos Skagen Beds er vi ogs\u00e5 dedikerede til de sm\u00e5 detaljer, der giver det ekstra lille touch.<\/p>\n<p>Tr\u00e5dl\u00f8s fjernbetjening &#8211; bluetooth &#8211; nattelys &#8211; opbevaringslomme.[\/vc_column_text][\/vc_column][\/vc_row][vc_row css_animation=&#8221;&#8221; row_type=&#8221;row&#8221; use_row_as_full_screen_section=&#8221;no&#8221; type=&#8221;full_width&#8221; angled_section=&#8221;no&#8221; text_align=&#8221;left&#8221; background_image_as_pattern=&#8221;without_pattern&#8221;][vc_column][vc_empty_space height=&#8221;100&#8243;][\/vc_column][\/vc_row][vc_row css_animation=&#8221;&#8221; row_type=&#8221;row&#8221; use_row_as_full_screen_section=&#8221;no&#8221; type=&#8221;full_width&#8221; angled_section=&#8221;no&#8221; text_align=&#8221;left&#8221; background_image_as_pattern=&#8221;without_pattern&#8221; z_index=&#8221;&#8221; background_color=&#8221;#e8e8e8&#8243;][vc_column][vc_empty_space height=&#8221;60&#8243;][vc_column_text]<\/p>\n<h1 style=\"text-align: center;\">St\u00f8rrelser<\/h1>\n<p>[\/vc_column_text][vc_single_image image=&#8221;16743&#8243; img_size=&#8221;full&#8221; alignment=&#8221;center&#8221; qode_css_animation=&#8221;&#8221;][\/vc_column][\/vc_row]<\/p>\n<\/div>","protected":false},"excerpt":{"rendered":"<p>[vc_row css_animation=&#8221;&#8221; row_type=&#8221;row&#8221; use_row_as_full_screen_section=&#8221;no&#8221; type=&#8221;full_width&#8221; angled_section=&#8221;no&#8221; text_align=&#8221;left&#8221; background_image_as_pattern=&#8221;without_pattern&#8221;][vc_column][vc_empty_space height=&#8221;70&#8243;][\/vc_column][\/vc_row][vc_row css_animation=&#8221;&#8221; row_type=&#8221;row&#8221; use_row_as_full_screen_section=&#8221;no&#8221; type=&#8221;grid&#8221; angled_section=&#8221;no&#8221; text_align=&#8221;left&#8221; background_image_as_pattern=&#8221;without_pattern&#8221; z_index=&#8221;&#8221;][vc_column][vc_column_text] Med Skagen Beds kan du s\u00e6tte dit helt eget pr\u00e6g p\u00e5 din kommende seng og sammens\u00e6tte en l\u00f8sning, der passer til dig, dit s\u00f8vnbehov og dit sovev\u00e6relse. [\/vc_column_text][\/vc_column][\/vc_row][vc_row&#8230;<\/p>\n","protected":false},"author":3,"featured_media":0,"parent":0,"menu_order":0,"comment_status":"closed","ping_status":"closed","template":"full_width.php","meta":{"footnotes":""},"class_list":["post-16595","page","type-page","status-publish","hentry"],"aioseo_notices":[],"_links":{"self":[{"href":"https:\/\/skagenbeds.com\/da\/wp-json\/wp\/v2\/pages\/16595","targetHints":{"allow":["GET"]}}],"collection":[{"href":"https:\/\/skagenbeds.com\/da\/wp-json\/wp\/v2\/pages"}],"about":[{"href":"https:\/\/skagenbeds.com\/da\/wp-json\/wp\/v2\/types\/page"}],"author":[{"embeddable":true,"href":"https:\/\/skagenbeds.com\/da\/wp-json\/wp\/v2\/users\/3"}],"replies":[{"embeddable":true,"href":"https:\/\/skagenbeds.com\/da\/wp-json\/wp\/v2\/comments?post=16595"}],"version-history":[{"count":22,"href":"https:\/\/skagenbeds.com\/da\/wp-json\/wp\/v2\/pages\/16595\/revisions"}],"predecessor-version":[{"id":16748,"href":"https:\/\/skagenbeds.com\/da\/wp-json\/wp\/v2\/pages\/16595\/revisions\/16748"}],"wp:attachment":[{"href":"https:\/\/skagenbeds.com\/da\/wp-json\/wp\/v2\/media?parent=16595"}],"curies":[{"name":"wp","href":"https:\/\/api.w.org\/{rel}","templated":true}]}}